{"id":10835,"date":"2026-04-11T08:04:59","date_gmt":"2026-04-11T05:04:59","guid":{"rendered":"https:\/\/ozince.com\/magaza\/kategorilenmemis\/mhr-00631-silindir-kapagi-astra-g-vectra-b-z16xel-z16xe-egr-deligi-disarida\/"},"modified":"2026-04-11T08:05:00","modified_gmt":"2026-04-11T05:05:00","slug":"mhr-00631-silindir-kapagi-astra-g-vectra-b-z16xel-z16xe-egr-deligi-disarida","status":"publish","type":"product","link":"https:\/\/ozince.com\/magaza\/motor-mekanik-urunleri\/mhr-00631-silindir-kapagi-astra-g-vectra-b-z16xel-z16xe-egr-deligi-disarida\/","title":{"rendered":"MHR-00631 S\u0130L\u0130ND\u0130R KAPA\u011eI ASTRA G \/ VECTRA B Z16XEL \/ Z16XE (EGR DELIGI DISARIDA)"},"content":{"rendered":"","protected":false},"excerpt":{"rendered":"","protected":false},"featured_media":12809,"template":"","meta":[],"product_brand":[288],"product_cat":[298],"product_tag":[378],"class_list":{"0":"post-10835","1":"product","2":"type-product","3":"status-publish","4":"has-post-thumbnail","6":"arac_markasi_modeli-astra-g","7":"arac_markasi_modeli-opel","8":"arac_markasi_modeli-vectra-b","9":"product_brand-maher","10":"product_cat-motor-mekanik-urunleri","11":"product_tag-altay","13":"first","14":"outofstock","15":"taxable","16":"shipping-taxable","17":"purchasable","18":"product-type-simple"},"jetpack_sharing_enabled":true,"_links":{"self":[{"href":"https:\/\/ozince.com\/magaza\/wp-json\/wp\/v2\/product\/10835","targetHints":{"allow":["GET"]}}],"collection":[{"href":"https:\/\/ozince.com\/magaza\/wp-json\/wp\/v2\/product"}],"about":[{"href":"https:\/\/ozince.com\/magaza\/wp-json\/wp\/v2\/types\/product"}],"wp:featuredmedia":[{"embeddable":true,"href":"https:\/\/ozince.com\/magaza\/wp-json\/wp\/v2\/media\/12809"}],"wp:attachment":[{"href":"https:\/\/ozince.com\/magaza\/wp-json\/wp\/v2\/media?parent=10835"}],"wp:term":[{"taxonomy":"product_brand","embeddable":true,"href":"https:\/\/ozince.com\/magaza\/wp-json\/wp\/v2\/product_brand?post=10835"},{"taxonomy":"product_cat","embeddable":true,"href":"https:\/\/ozince.com\/magaza\/wp-json\/wp\/v2\/product_cat?post=10835"},{"taxonomy":"product_tag","embeddable":true,"href":"https:\/\/ozince.com\/magaza\/wp-json\/wp\/v2\/product_tag?post=10835"}],"curies":[{"name":"wp","href":"https:\/\/api.w.org\/{rel}","templated":true}]}}