{"id":10782,"date":"2026-04-05T08:02:34","date_gmt":"2026-04-05T05:02:34","guid":{"rendered":"https:\/\/ozince.com\/magaza\/kategorilenmemis\/mhr-26311-tel-vites-astra-j-09-16-5-vites-f17-sanziman\/"},"modified":"2026-04-05T08:02:35","modified_gmt":"2026-04-05T05:02:35","slug":"mhr-26311-tel-vites-astra-j-09-16-5-vites-f17-sanziman","status":"publish","type":"product","link":"https:\/\/ozince.com\/magaza\/debriyaj-ve-el-fren-tel-urunleri\/mhr-26311-tel-vites-astra-j-09-16-5-vites-f17-sanziman\/","title":{"rendered":"MHR-26311 TEL V\u0130TES ASTRA J 09-16 5 V\u0130TES F17 \u015eANZIMAN"},"content":{"rendered":"","protected":false},"excerpt":{"rendered":"","protected":false},"featured_media":15439,"template":"","meta":[],"product_brand":[288],"product_cat":[403],"product_tag":[378],"class_list":{"0":"post-10782","1":"product","2":"type-product","3":"status-publish","4":"has-post-thumbnail","6":"arac_markasi_modeli-astra-j","7":"arac_markasi_modeli-opel","8":"product_brand-maher","9":"product_cat-debriyaj-ve-el-fren-tel-urunleri","10":"product_tag-altay","12":"first","13":"instock","14":"taxable","15":"shipping-taxable","16":"purchasable","17":"product-type-simple"},"jetpack_sharing_enabled":true,"_links":{"self":[{"href":"https:\/\/ozince.com\/magaza\/wp-json\/wp\/v2\/product\/10782","targetHints":{"allow":["GET"]}}],"collection":[{"href":"https:\/\/ozince.com\/magaza\/wp-json\/wp\/v2\/product"}],"about":[{"href":"https:\/\/ozince.com\/magaza\/wp-json\/wp\/v2\/types\/product"}],"wp:featuredmedia":[{"embeddable":true,"href":"https:\/\/ozince.com\/magaza\/wp-json\/wp\/v2\/media\/15439"}],"wp:attachment":[{"href":"https:\/\/ozince.com\/magaza\/wp-json\/wp\/v2\/media?parent=10782"}],"wp:term":[{"taxonomy":"product_brand","embeddable":true,"href":"https:\/\/ozince.com\/magaza\/wp-json\/wp\/v2\/product_brand?post=10782"},{"taxonomy":"product_cat","embeddable":true,"href":"https:\/\/ozince.com\/magaza\/wp-json\/wp\/v2\/product_cat?post=10782"},{"taxonomy":"product_tag","embeddable":true,"href":"https:\/\/ozince.com\/magaza\/wp-json\/wp\/v2\/product_tag?post=10782"}],"curies":[{"name":"wp","href":"https:\/\/api.w.org\/{rel}","templated":true}]}}