{"id":10739,"date":"2026-04-09T08:04:34","date_gmt":"2026-04-09T05:04:34","guid":{"rendered":"https:\/\/ozince.com\/magaza\/kategorilenmemis\/mhr-20151-debriyaj-merkez-ust-vectra-b-96-99-2-0-1587mm-w1238519-sasi-nodan-itibaren\/"},"modified":"2026-04-09T08:04:35","modified_gmt":"2026-04-09T05:04:35","slug":"mhr-20151-debriyaj-merkez-ust-vectra-b-96-99-2-0-1587mm-w1238519-sasi-nodan-itibaren","status":"publish","type":"product","link":"https:\/\/ozince.com\/magaza\/fren-sistemi-urunleri\/mhr-20151-debriyaj-merkez-ust-vectra-b-96-99-2-0-1587mm-w1238519-sasi-nodan-itibaren\/","title":{"rendered":"MHR-20151 DEBR\u0130YAJ MERKEZ \u00dcST VECTRA B 96-99 2.0 15,87mm (W1238519 \u015eAS\u0130 NODAN \u0130T\u0130BAREN)"},"content":{"rendered":"","protected":false},"excerpt":{"rendered":"","protected":false},"featured_media":0,"template":"","meta":[],"product_brand":[288],"product_cat":[257],"product_tag":[378],"class_list":{"0":"post-10739","1":"product","2":"type-product","3":"status-publish","5":"arac_markasi_modeli-opel","6":"arac_markasi_modeli-vectra-b","7":"product_brand-maher","8":"product_cat-fren-sistemi-urunleri","9":"product_tag-altay","11":"first","12":"outofstock","13":"taxable","14":"shipping-taxable","15":"purchasable","16":"product-type-simple"},"jetpack_sharing_enabled":true,"_links":{"self":[{"href":"https:\/\/ozince.com\/magaza\/wp-json\/wp\/v2\/product\/10739","targetHints":{"allow":["GET"]}}],"collection":[{"href":"https:\/\/ozince.com\/magaza\/wp-json\/wp\/v2\/product"}],"about":[{"href":"https:\/\/ozince.com\/magaza\/wp-json\/wp\/v2\/types\/product"}],"wp:attachment":[{"href":"https:\/\/ozince.com\/magaza\/wp-json\/wp\/v2\/media?parent=10739"}],"wp:term":[{"taxonomy":"product_brand","embeddable":true,"href":"https:\/\/ozince.com\/magaza\/wp-json\/wp\/v2\/product_brand?post=10739"},{"taxonomy":"product_cat","embeddable":true,"href":"https:\/\/ozince.com\/magaza\/wp-json\/wp\/v2\/product_cat?post=10739"},{"taxonomy":"product_tag","embeddable":true,"href":"https:\/\/ozince.com\/magaza\/wp-json\/wp\/v2\/product_tag?post=10739"}],"curies":[{"name":"wp","href":"https:\/\/api.w.org\/{rel}","templated":true}]}}