{"id":10735,"date":"2026-04-12T08:00:32","date_gmt":"2026-04-12T05:00:32","guid":{"rendered":"https:\/\/ozince.com\/magaza\/kategorilenmemis\/mhr-00634-silindir-kapagi-vectra-2-0-8v-vectra-a-c20ne-lpg-araclar-icin-gayd-degisimi-yapiniz\/"},"modified":"2026-04-12T08:00:32","modified_gmt":"2026-04-12T05:00:32","slug":"mhr-00634-silindir-kapagi-vectra-2-0-8v-vectra-a-c20ne-lpg-araclar-icin-gayd-degisimi-yapiniz","status":"publish","type":"product","link":"https:\/\/ozince.com\/magaza\/motor-mekanik-urunleri\/mhr-00634-silindir-kapagi-vectra-2-0-8v-vectra-a-c20ne-lpg-araclar-icin-gayd-degisimi-yapiniz\/","title":{"rendered":"MHR-00634 S\u0130L\u0130ND\u0130R KAPA\u011eI VECTRA 2.0 8V (VECTRA A) C20NE (LPG ARA\u00c7LAR \u0130\u00c7\u0130N GAYD DE\u011e\u0130\u015e\u0130M\u0130 YAPINIZ)"},"content":{"rendered":"","protected":false},"excerpt":{"rendered":"","protected":false},"featured_media":0,"template":"","meta":[],"product_brand":[288],"product_cat":[298],"product_tag":[378],"class_list":{"0":"post-10735","1":"product","2":"type-product","3":"status-publish","5":"arac_markasi_modeli-opel","6":"arac_markasi_modeli-vectra-a","7":"product_brand-maher","8":"product_cat-motor-mekanik-urunleri","9":"product_tag-altay","11":"first","12":"instock","13":"taxable","14":"shipping-taxable","15":"purchasable","16":"product-type-simple"},"jetpack_sharing_enabled":true,"_links":{"self":[{"href":"https:\/\/ozince.com\/magaza\/wp-json\/wp\/v2\/product\/10735","targetHints":{"allow":["GET"]}}],"collection":[{"href":"https:\/\/ozince.com\/magaza\/wp-json\/wp\/v2\/product"}],"about":[{"href":"https:\/\/ozince.com\/magaza\/wp-json\/wp\/v2\/types\/product"}],"wp:attachment":[{"href":"https:\/\/ozince.com\/magaza\/wp-json\/wp\/v2\/media?parent=10735"}],"wp:term":[{"taxonomy":"product_brand","embeddable":true,"href":"https:\/\/ozince.com\/magaza\/wp-json\/wp\/v2\/product_brand?post=10735"},{"taxonomy":"product_cat","embeddable":true,"href":"https:\/\/ozince.com\/magaza\/wp-json\/wp\/v2\/product_cat?post=10735"},{"taxonomy":"product_tag","embeddable":true,"href":"https:\/\/ozince.com\/magaza\/wp-json\/wp\/v2\/product_tag?post=10735"}],"curies":[{"name":"wp","href":"https:\/\/api.w.org\/{rel}","templated":true}]}}