{"id":10733,"date":"2026-04-28T08:03:41","date_gmt":"2026-04-28T05:03:41","guid":{"rendered":"https:\/\/ozince.com\/magaza\/kategorilenmemis\/mhr-35331-amortisor-corsa-f-on-sag-f12xhteb2adts-f12xhleb2adtd\/"},"modified":"2026-04-28T08:03:42","modified_gmt":"2026-04-28T05:03:42","slug":"mhr-35331-amortisor-corsa-f-on-sag-f12xhteb2adts-f12xhleb2adtd","status":"publish","type":"product","link":"https:\/\/ozince.com\/magaza\/alt-takim-urunleri\/mhr-35331-amortisor-corsa-f-on-sag-f12xhteb2adts-f12xhleb2adtd\/","title":{"rendered":"MHR-35331 AMORT\u0130S\u00d6R CORSA F \u00d6N SAG  F12XHT(EB2ADTS)-F12XHL(EB2ADTD)"},"content":{"rendered":"","protected":false},"excerpt":{"rendered":"","protected":false},"featured_media":0,"template":"","meta":[],"product_brand":[288],"product_cat":[382],"product_tag":[378],"class_list":{"0":"post-10733","1":"product","2":"type-product","3":"status-publish","5":"arac_markasi_modeli-corsa-f","6":"arac_markasi_modeli-opel","7":"product_brand-maher","8":"product_cat-alt-takim-urunleri","9":"product_tag-altay","11":"first","12":"instock","13":"taxable","14":"shipping-taxable","15":"purchasable","16":"product-type-simple"},"jetpack_sharing_enabled":true,"_links":{"self":[{"href":"https:\/\/ozince.com\/magaza\/wp-json\/wp\/v2\/product\/10733","targetHints":{"allow":["GET"]}}],"collection":[{"href":"https:\/\/ozince.com\/magaza\/wp-json\/wp\/v2\/product"}],"about":[{"href":"https:\/\/ozince.com\/magaza\/wp-json\/wp\/v2\/types\/product"}],"wp:attachment":[{"href":"https:\/\/ozince.com\/magaza\/wp-json\/wp\/v2\/media?parent=10733"}],"wp:term":[{"taxonomy":"product_brand","embeddable":true,"href":"https:\/\/ozince.com\/magaza\/wp-json\/wp\/v2\/product_brand?post=10733"},{"taxonomy":"product_cat","embeddable":true,"href":"https:\/\/ozince.com\/magaza\/wp-json\/wp\/v2\/product_cat?post=10733"},{"taxonomy":"product_tag","embeddable":true,"href":"https:\/\/ozince.com\/magaza\/wp-json\/wp\/v2\/product_tag?post=10733"}],"curies":[{"name":"wp","href":"https:\/\/api.w.org\/{rel}","templated":true}]}}