{"id":10721,"date":"2026-04-06T08:24:42","date_gmt":"2026-04-06T05:24:42","guid":{"rendered":"https:\/\/ozince.com\/magaza\/kategorilenmemis\/mhr-34130-rotbasi-vectra-b-96-03-disi\/"},"modified":"2026-04-06T08:24:43","modified_gmt":"2026-04-06T05:24:43","slug":"ayd-00860-rotbasi-vectra-b-96-03-disi","status":"publish","type":"product","link":"https:\/\/ozince.com\/magaza\/alt-takim-urunleri\/ayd-00860-rotbasi-vectra-b-96-03-disi\/","title":{"rendered":"AYD-00860 ROTBA\u015eI VECTRA B  96-03 D\u0130\u015e\u0130"},"content":{"rendered":"","protected":false},"excerpt":{"rendered":"","protected":false},"featured_media":11972,"template":"","meta":[],"product_brand":[235],"product_cat":[382],"product_tag":[378],"class_list":{"0":"post-10721","1":"product","2":"type-product","3":"status-publish","4":"has-post-thumbnail","6":"arac_markasi_modeli-opel","7":"arac_markasi_modeli-vectra-b","8":"product_brand-ayd","9":"product_cat-alt-takim-urunleri","10":"product_tag-altay","12":"first","13":"instock","14":"taxable","15":"shipping-taxable","16":"purchasable","17":"product-type-simple"},"jetpack_sharing_enabled":true,"_links":{"self":[{"href":"https:\/\/ozince.com\/magaza\/wp-json\/wp\/v2\/product\/10721","targetHints":{"allow":["GET"]}}],"collection":[{"href":"https:\/\/ozince.com\/magaza\/wp-json\/wp\/v2\/product"}],"about":[{"href":"https:\/\/ozince.com\/magaza\/wp-json\/wp\/v2\/types\/product"}],"wp:featuredmedia":[{"embeddable":true,"href":"https:\/\/ozince.com\/magaza\/wp-json\/wp\/v2\/media\/11972"}],"wp:attachment":[{"href":"https:\/\/ozince.com\/magaza\/wp-json\/wp\/v2\/media?parent=10721"}],"wp:term":[{"taxonomy":"product_brand","embeddable":true,"href":"https:\/\/ozince.com\/magaza\/wp-json\/wp\/v2\/product_brand?post=10721"},{"taxonomy":"product_cat","embeddable":true,"href":"https:\/\/ozince.com\/magaza\/wp-json\/wp\/v2\/product_cat?post=10721"},{"taxonomy":"product_tag","embeddable":true,"href":"https:\/\/ozince.com\/magaza\/wp-json\/wp\/v2\/product_tag?post=10721"}],"curies":[{"name":"wp","href":"https:\/\/api.w.org\/{rel}","templated":true}]}}