{"id":10684,"date":"2026-05-01T08:00:29","date_gmt":"2026-05-01T05:00:29","guid":{"rendered":"https:\/\/ozince.com\/magaza\/kategorilenmemis\/mhr-25348-klips-kapi-doseme-corsa-b-astra-f-astra-g-astra-h-vectra-b-vectra-c\/"},"modified":"2026-05-01T08:00:29","modified_gmt":"2026-05-01T05:00:29","slug":"mhr-25348-klips-kapi-doseme-corsa-b-astra-f-astra-g-astra-h-vectra-b-vectra-c","status":"publish","type":"product","link":"https:\/\/ozince.com\/magaza\/karoseri-ve-kaporta-urunleri\/mhr-25348-klips-kapi-doseme-corsa-b-astra-f-astra-g-astra-h-vectra-b-vectra-c\/","title":{"rendered":"MHR-25348 KL\u0130PS KAPI D\u00d6\u015eEME CORSA B \/ ASTRA F \/ ASTRA G \/ ASTRA H \/ VECTRA B \/ VECTRA C"},"content":{"rendered":"","protected":false},"excerpt":{"rendered":"","protected":false},"featured_media":12424,"template":"","meta":[],"product_brand":[288],"product_cat":[351],"product_tag":[378],"class_list":{"0":"post-10684","1":"product","2":"type-product","3":"status-publish","4":"has-post-thumbnail","6":"arac_markasi_modeli-astra-f","7":"arac_markasi_modeli-astra-g","8":"arac_markasi_modeli-astra-h","9":"arac_markasi_modeli-corsa-b","10":"arac_markasi_modeli-opel","11":"arac_markasi_modeli-vectra-b","12":"arac_markasi_modeli-vectra-c","13":"product_brand-maher","14":"product_cat-karoseri-ve-kaporta-urunleri","15":"product_tag-altay","17":"first","18":"instock","19":"taxable","20":"shipping-taxable","21":"purchasable","22":"product-type-simple"},"jetpack_sharing_enabled":true,"_links":{"self":[{"href":"https:\/\/ozince.com\/magaza\/wp-json\/wp\/v2\/product\/10684","targetHints":{"allow":["GET"]}}],"collection":[{"href":"https:\/\/ozince.com\/magaza\/wp-json\/wp\/v2\/product"}],"about":[{"href":"https:\/\/ozince.com\/magaza\/wp-json\/wp\/v2\/types\/product"}],"wp:featuredmedia":[{"embeddable":true,"href":"https:\/\/ozince.com\/magaza\/wp-json\/wp\/v2\/media\/12424"}],"wp:attachment":[{"href":"https:\/\/ozince.com\/magaza\/wp-json\/wp\/v2\/media?parent=10684"}],"wp:term":[{"taxonomy":"product_brand","embeddable":true,"href":"https:\/\/ozince.com\/magaza\/wp-json\/wp\/v2\/product_brand?post=10684"},{"taxonomy":"product_cat","embeddable":true,"href":"https:\/\/ozince.com\/magaza\/wp-json\/wp\/v2\/product_cat?post=10684"},{"taxonomy":"product_tag","embeddable":true,"href":"https:\/\/ozince.com\/magaza\/wp-json\/wp\/v2\/product_tag?post=10684"}],"curies":[{"name":"wp","href":"https:\/\/api.w.org\/{rel}","templated":true}]}}