{"id":10616,"date":"2026-04-11T08:02:28","date_gmt":"2026-04-11T05:02:28","guid":{"rendered":"https:\/\/ozince.com\/magaza\/kategorilenmemis\/mhr-37198-hortum-turbo-captiva-c100-c140-antara-z20dmh-z20dm-giris-06\/"},"modified":"2026-04-11T08:02:29","modified_gmt":"2026-04-11T05:02:29","slug":"mhr-37198-hortum-turbo-captiva-c100-c140-antara-z20dmh-z20dm-giris-06","status":"publish","type":"product","link":"https:\/\/ozince.com\/magaza\/motor-sogutma-ve-radyator-urunleri\/mhr-37198-hortum-turbo-captiva-c100-c140-antara-z20dmh-z20dm-giris-06\/","title":{"rendered":"MHR-37198 HORTUM TURBO CAPTIVA C100-C140 \/ ANTARA Z20DMH-Z20DM G\u0130R\u0130\u015e 06="},"content":{"rendered":"","protected":false},"excerpt":{"rendered":"","protected":false},"featured_media":15459,"template":"","meta":[],"product_brand":[288],"product_cat":[324],"product_tag":[378],"class_list":{"0":"post-10616","1":"product","2":"type-product","3":"status-publish","4":"has-post-thumbnail","6":"arac_markasi_modeli-antara","7":"arac_markasi_modeli-captiva","8":"arac_markasi_modeli-chevrolet","9":"product_brand-maher","10":"product_cat-motor-sogutma-ve-radyator-urunleri","11":"product_tag-altay","13":"first","14":"instock","15":"taxable","16":"shipping-taxable","17":"purchasable","18":"product-type-simple"},"jetpack_sharing_enabled":true,"_links":{"self":[{"href":"https:\/\/ozince.com\/magaza\/wp-json\/wp\/v2\/product\/10616","targetHints":{"allow":["GET"]}}],"collection":[{"href":"https:\/\/ozince.com\/magaza\/wp-json\/wp\/v2\/product"}],"about":[{"href":"https:\/\/ozince.com\/magaza\/wp-json\/wp\/v2\/types\/product"}],"wp:featuredmedia":[{"embeddable":true,"href":"https:\/\/ozince.com\/magaza\/wp-json\/wp\/v2\/media\/15459"}],"wp:attachment":[{"href":"https:\/\/ozince.com\/magaza\/wp-json\/wp\/v2\/media?parent=10616"}],"wp:term":[{"taxonomy":"product_brand","embeddable":true,"href":"https:\/\/ozince.com\/magaza\/wp-json\/wp\/v2\/product_brand?post=10616"},{"taxonomy":"product_cat","embeddable":true,"href":"https:\/\/ozince.com\/magaza\/wp-json\/wp\/v2\/product_cat?post=10616"},{"taxonomy":"product_tag","embeddable":true,"href":"https:\/\/ozince.com\/magaza\/wp-json\/wp\/v2\/product_tag?post=10616"}],"curies":[{"name":"wp","href":"https:\/\/api.w.org\/{rel}","templated":true}]}}