{"id":10587,"date":"2026-04-15T08:04:23","date_gmt":"2026-04-15T05:04:23","guid":{"rendered":"https:\/\/ozince.com\/magaza\/kategorilenmemis\/mhr-36364-hortum-genlesme-sise-astra-g-z14xe-z16xep-z14xep-z20let\/"},"modified":"2026-04-15T08:04:24","modified_gmt":"2026-04-15T05:04:24","slug":"mhr-36364-hortum-genlesme-sise-astra-g-z14xe-z16xep-z14xep-z20let","status":"publish","type":"product","link":"https:\/\/ozince.com\/magaza\/motor-sogutma-ve-radyator-urunleri\/mhr-36364-hortum-genlesme-sise-astra-g-z14xe-z16xep-z14xep-z20let\/","title":{"rendered":"MHR-36364 HORTUM GENLE\u015eME \u015e\u0130\u015eE ASTRA G Z14XE-Z16XEP-Z14XEP-Z20LET"},"content":{"rendered":"","protected":false},"excerpt":{"rendered":"","protected":false},"featured_media":0,"template":"","meta":[],"product_brand":[288],"product_cat":[324],"product_tag":[378],"class_list":{"0":"post-10587","1":"product","2":"type-product","3":"status-publish","5":"arac_markasi_modeli-astra-g","6":"arac_markasi_modeli-opel","7":"product_brand-maher","8":"product_cat-motor-sogutma-ve-radyator-urunleri","9":"product_tag-altay","11":"first","12":"outofstock","13":"taxable","14":"shipping-taxable","15":"purchasable","16":"product-type-simple"},"jetpack_sharing_enabled":true,"_links":{"self":[{"href":"https:\/\/ozince.com\/magaza\/wp-json\/wp\/v2\/product\/10587","targetHints":{"allow":["GET"]}}],"collection":[{"href":"https:\/\/ozince.com\/magaza\/wp-json\/wp\/v2\/product"}],"about":[{"href":"https:\/\/ozince.com\/magaza\/wp-json\/wp\/v2\/types\/product"}],"wp:attachment":[{"href":"https:\/\/ozince.com\/magaza\/wp-json\/wp\/v2\/media?parent=10587"}],"wp:term":[{"taxonomy":"product_brand","embeddable":true,"href":"https:\/\/ozince.com\/magaza\/wp-json\/wp\/v2\/product_brand?post=10587"},{"taxonomy":"product_cat","embeddable":true,"href":"https:\/\/ozince.com\/magaza\/wp-json\/wp\/v2\/product_cat?post=10587"},{"taxonomy":"product_tag","embeddable":true,"href":"https:\/\/ozince.com\/magaza\/wp-json\/wp\/v2\/product_tag?post=10587"}],"curies":[{"name":"wp","href":"https:\/\/api.w.org\/{rel}","templated":true}]}}