{"id":10584,"date":"2026-04-12T08:03:45","date_gmt":"2026-04-12T05:03:45","guid":{"rendered":"https:\/\/ozince.com\/magaza\/kategorilenmemis\/mhr-36360-hortum-genlesme-sise-crossland-x-208-301-2008-c3-iii-c3-picasso-12-vti-12v\/"},"modified":"2026-04-12T08:03:46","modified_gmt":"2026-04-12T05:03:46","slug":"mhr-36360-hortum-genlesme-sise-crossland-x-208-301-2008-c3-iii-c3-picasso-12-vti-12v","status":"publish","type":"product","link":"https:\/\/ozince.com\/magaza\/motor-sogutma-ve-radyator-urunleri\/mhr-36360-hortum-genlesme-sise-crossland-x-208-301-2008-c3-iii-c3-picasso-12-vti-12v\/","title":{"rendered":"MHR-36360 HORTUM GENLE\u015eME \u015e\u0130\u015eE CROSSLAND X \/ 208 \/ 301 \/ 2008 \/ C3 III \/ C3 \/ PICASSO 12 VTI 12V"},"content":{"rendered":"","protected":false},"excerpt":{"rendered":"","protected":false},"featured_media":12097,"template":"","meta":[],"product_brand":[288],"product_cat":[324],"product_tag":[378],"class_list":{"0":"post-10584","1":"product","2":"type-product","3":"status-publish","4":"has-post-thumbnail","6":"arac_markasi_modeli-crossland-x","7":"arac_markasi_modeli-opel","8":"product_brand-maher","9":"product_cat-motor-sogutma-ve-radyator-urunleri","10":"product_tag-altay","12":"first","13":"instock","14":"taxable","15":"shipping-taxable","16":"purchasable","17":"product-type-simple"},"jetpack_sharing_enabled":true,"_links":{"self":[{"href":"https:\/\/ozince.com\/magaza\/wp-json\/wp\/v2\/product\/10584","targetHints":{"allow":["GET"]}}],"collection":[{"href":"https:\/\/ozince.com\/magaza\/wp-json\/wp\/v2\/product"}],"about":[{"href":"https:\/\/ozince.com\/magaza\/wp-json\/wp\/v2\/types\/product"}],"wp:featuredmedia":[{"embeddable":true,"href":"https:\/\/ozince.com\/magaza\/wp-json\/wp\/v2\/media\/12097"}],"wp:attachment":[{"href":"https:\/\/ozince.com\/magaza\/wp-json\/wp\/v2\/media?parent=10584"}],"wp:term":[{"taxonomy":"product_brand","embeddable":true,"href":"https:\/\/ozince.com\/magaza\/wp-json\/wp\/v2\/product_brand?post=10584"},{"taxonomy":"product_cat","embeddable":true,"href":"https:\/\/ozince.com\/magaza\/wp-json\/wp\/v2\/product_cat?post=10584"},{"taxonomy":"product_tag","embeddable":true,"href":"https:\/\/ozince.com\/magaza\/wp-json\/wp\/v2\/product_tag?post=10584"}],"curies":[{"name":"wp","href":"https:\/\/api.w.org\/{rel}","templated":true}]}}