{"id":10583,"date":"2026-04-13T08:02:05","date_gmt":"2026-04-13T05:02:05","guid":{"rendered":"https:\/\/ozince.com\/magaza\/kategorilenmemis\/mhr-36359-hortum-genlesme-sise-crossland-1721-208-2008-c3-c4-cactus-ds3-1-2\/"},"modified":"2026-04-13T08:02:05","modified_gmt":"2026-04-13T05:02:05","slug":"mhr-36359-hortum-genlesme-sise-crossland-1721-208-2008-c3-c4-cactus-ds3-1-2","status":"publish","type":"product","link":"https:\/\/ozince.com\/magaza\/motor-sogutma-ve-radyator-urunleri\/mhr-36359-hortum-genlesme-sise-crossland-1721-208-2008-c3-c4-cactus-ds3-1-2\/","title":{"rendered":"MHR-36359 HORTUM GENLE\u015eME \u015e\u0130SE CROSSLAND 17=21 \/ 208 \/ 2008 \/ C3 \/ C4 \/ CACTUS \/ DS3 1.2"},"content":{"rendered":"","protected":false},"excerpt":{"rendered":"","protected":false},"featured_media":12096,"template":"","meta":[],"product_brand":[288],"product_cat":[324],"product_tag":[378],"class_list":{"0":"post-10583","1":"product","2":"type-product","3":"status-publish","4":"has-post-thumbnail","6":"arac_markasi_modeli-250","7":"arac_markasi_modeli-282","8":"arac_markasi_modeli-peugeot","9":"product_brand-maher","10":"product_cat-motor-sogutma-ve-radyator-urunleri","11":"product_tag-altay","13":"first","14":"instock","15":"taxable","16":"shipping-taxable","17":"purchasable","18":"product-type-simple"},"jetpack_sharing_enabled":true,"_links":{"self":[{"href":"https:\/\/ozince.com\/magaza\/wp-json\/wp\/v2\/product\/10583","targetHints":{"allow":["GET"]}}],"collection":[{"href":"https:\/\/ozince.com\/magaza\/wp-json\/wp\/v2\/product"}],"about":[{"href":"https:\/\/ozince.com\/magaza\/wp-json\/wp\/v2\/types\/product"}],"wp:featuredmedia":[{"embeddable":true,"href":"https:\/\/ozince.com\/magaza\/wp-json\/wp\/v2\/media\/12096"}],"wp:attachment":[{"href":"https:\/\/ozince.com\/magaza\/wp-json\/wp\/v2\/media?parent=10583"}],"wp:term":[{"taxonomy":"product_brand","embeddable":true,"href":"https:\/\/ozince.com\/magaza\/wp-json\/wp\/v2\/product_brand?post=10583"},{"taxonomy":"product_cat","embeddable":true,"href":"https:\/\/ozince.com\/magaza\/wp-json\/wp\/v2\/product_cat?post=10583"},{"taxonomy":"product_tag","embeddable":true,"href":"https:\/\/ozince.com\/magaza\/wp-json\/wp\/v2\/product_tag?post=10583"}],"curies":[{"name":"wp","href":"https:\/\/api.w.org\/{rel}","templated":true}]}}