{"id":10526,"date":"2026-04-11T08:02:02","date_gmt":"2026-04-11T05:02:02","guid":{"rendered":"https:\/\/ozince.com\/magaza\/kategorilenmemis\/mhr-14578-radyator-su-astra-f-x16xel-x14xe-x14nz-c14se-c14nz-c16se-c20ne-a-t-klimali-mekanik\/"},"modified":"2026-04-11T08:02:04","modified_gmt":"2026-04-11T05:02:04","slug":"mhr-14578-radyator-su-astra-f-x16xel-x14xe-x14nz-c14se-c14nz-c16se-c20ne-a-t-klimali-mekanik","status":"publish","type":"product","link":"https:\/\/ozince.com\/magaza\/motor-sogutma-ve-radyator-urunleri\/mhr-14578-radyator-su-astra-f-x16xel-x14xe-x14nz-c14se-c14nz-c16se-c20ne-a-t-klimali-mekanik\/","title":{"rendered":"MHR-14578 RADYAT\u00d6R SU ASTRA F  X16XEL-X14XE-X14NZ-C14SE-C14NZ-C16SE-C20NE A-T KL\u0130MALI MEKAN\u0130K"},"content":{"rendered":"","protected":false},"excerpt":{"rendered":"","protected":false},"featured_media":12485,"template":"","meta":[],"product_brand":[288],"product_cat":[324],"product_tag":[378],"class_list":{"0":"post-10526","1":"product","2":"type-product","3":"status-publish","4":"has-post-thumbnail","6":"arac_markasi_modeli-astra-f","7":"arac_markasi_modeli-opel","8":"product_brand-maher","9":"product_cat-motor-sogutma-ve-radyator-urunleri","10":"product_tag-altay","12":"first","13":"instock","14":"taxable","15":"shipping-taxable","16":"purchasable","17":"product-type-simple"},"jetpack_sharing_enabled":true,"_links":{"self":[{"href":"https:\/\/ozince.com\/magaza\/wp-json\/wp\/v2\/product\/10526","targetHints":{"allow":["GET"]}}],"collection":[{"href":"https:\/\/ozince.com\/magaza\/wp-json\/wp\/v2\/product"}],"about":[{"href":"https:\/\/ozince.com\/magaza\/wp-json\/wp\/v2\/types\/product"}],"wp:featuredmedia":[{"embeddable":true,"href":"https:\/\/ozince.com\/magaza\/wp-json\/wp\/v2\/media\/12485"}],"wp:attachment":[{"href":"https:\/\/ozince.com\/magaza\/wp-json\/wp\/v2\/media?parent=10526"}],"wp:term":[{"taxonomy":"product_brand","embeddable":true,"href":"https:\/\/ozince.com\/magaza\/wp-json\/wp\/v2\/product_brand?post=10526"},{"taxonomy":"product_cat","embeddable":true,"href":"https:\/\/ozince.com\/magaza\/wp-json\/wp\/v2\/product_cat?post=10526"},{"taxonomy":"product_tag","embeddable":true,"href":"https:\/\/ozince.com\/magaza\/wp-json\/wp\/v2\/product_tag?post=10526"}],"curies":[{"name":"wp","href":"https:\/\/api.w.org\/{rel}","templated":true}]}}