{"id":10511,"date":"2026-03-05T08:02:59","date_gmt":"2026-03-05T05:02:59","guid":{"rendered":"https:\/\/ozince.com\/magaza\/kategorilenmemis\/mhr-23089-yag-sogutucusu-fiat-doblo-linea-fiorino-g-punto-opel-astra-h-corsa-z13dt-z13dtj-y13dt-z13dt-a13dte-z13dth-icten-sogutma-komple-euro4\/"},"modified":"2026-03-05T08:03:00","modified_gmt":"2026-03-05T05:03:00","slug":"mhr-23089-yag-sogutucusu-fiat-doblo-linea-fiorino-g-punto-opel-astra-h-corsa-z13dt-z13dtj-y13dt-z13dt-a13dte-z13dth-icten-sogutma-komple-euro4","status":"publish","type":"product","link":"https:\/\/ozince.com\/magaza\/motor-sogutma-ve-radyator-urunleri\/mhr-23089-yag-sogutucusu-fiat-doblo-linea-fiorino-g-punto-opel-astra-h-corsa-z13dt-z13dtj-y13dt-z13dt-a13dte-z13dth-icten-sogutma-komple-euro4\/","title":{"rendered":"MHR-23089 YA\u011e SO\u011eUTUCUSU FIAT DOBLO \/ LINEA \/ FIORINO \/ G.PUNTO \/ OPEL ASTRA H \/ CORSA Z13DT-Z13DTJ-Y13DT-Z13DT-A13DTE-Z13DTH  \u0130\u00c7TEN SO\u011eUTMA KOMPLE EURO4"},"content":{"rendered":"","protected":false},"excerpt":{"rendered":"","protected":false},"featured_media":15408,"template":"","meta":[],"product_brand":[288],"product_cat":[324],"product_tag":[378],"class_list":{"0":"post-10511","1":"product","2":"type-product","3":"status-publish","4":"has-post-thumbnail","6":"arac_markasi_modeli-astra-h","7":"arac_markasi_modeli-opel","8":"product_brand-maher","9":"product_cat-motor-sogutma-ve-radyator-urunleri","10":"product_tag-altay","12":"first","13":"outofstock","14":"taxable","15":"shipping-taxable","16":"purchasable","17":"product-type-simple"},"jetpack_sharing_enabled":true,"_links":{"self":[{"href":"https:\/\/ozince.com\/magaza\/wp-json\/wp\/v2\/product\/10511","targetHints":{"allow":["GET"]}}],"collection":[{"href":"https:\/\/ozince.com\/magaza\/wp-json\/wp\/v2\/product"}],"about":[{"href":"https:\/\/ozince.com\/magaza\/wp-json\/wp\/v2\/types\/product"}],"wp:featuredmedia":[{"embeddable":true,"href":"https:\/\/ozince.com\/magaza\/wp-json\/wp\/v2\/media\/15408"}],"wp:attachment":[{"href":"https:\/\/ozince.com\/magaza\/wp-json\/wp\/v2\/media?parent=10511"}],"wp:term":[{"taxonomy":"product_brand","embeddable":true,"href":"https:\/\/ozince.com\/magaza\/wp-json\/wp\/v2\/product_brand?post=10511"},{"taxonomy":"product_cat","embeddable":true,"href":"https:\/\/ozince.com\/magaza\/wp-json\/wp\/v2\/product_cat?post=10511"},{"taxonomy":"product_tag","embeddable":true,"href":"https:\/\/ozince.com\/magaza\/wp-json\/wp\/v2\/product_tag?post=10511"}],"curies":[{"name":"wp","href":"https:\/\/api.w.org\/{rel}","templated":true}]}}