{"id":10505,"date":"2026-04-11T08:01:05","date_gmt":"2026-04-11T05:01:05","guid":{"rendered":"https:\/\/ozince.com\/magaza\/kategorilenmemis\/mhr-14710-radyator-kalorifer-vectra-a-88-95-astra-f-91-98-astra-f-classic-98-02-delphi-tipi-mekanik\/"},"modified":"2026-04-11T08:01:06","modified_gmt":"2026-04-11T05:01:06","slug":"mhr-14710-radyator-kalorifer-vectra-a-88-95-astra-f-91-98-astra-f-classic-98-02-delphi-tipi-mekanik","status":"publish","type":"product","link":"https:\/\/ozince.com\/magaza\/motor-sogutma-ve-radyator-urunleri\/mhr-14710-radyator-kalorifer-vectra-a-88-95-astra-f-91-98-astra-f-classic-98-02-delphi-tipi-mekanik\/","title":{"rendered":"MHR-14710 RADYAT\u00d6R KALOR\u0130FER VECTRA A\u00a0\u00a0\u00a0 88-95 \/ ASTRA F 91-98 \/ ASTRA F CLASSIC 98-02  DELPHI T\u0130P\u0130 MEKAN\u0130K"},"content":{"rendered":"","protected":false},"excerpt":{"rendered":"","protected":false},"featured_media":12832,"template":"","meta":[],"product_brand":[288],"product_cat":[324],"product_tag":[378],"class_list":{"0":"post-10505","1":"product","2":"type-product","3":"status-publish","4":"has-post-thumbnail","6":"arac_markasi_modeli-astra-f","7":"arac_markasi_modeli-opel","8":"arac_markasi_modeli-vectra-a","9":"product_brand-maher","10":"product_cat-motor-sogutma-ve-radyator-urunleri","11":"product_tag-altay","13":"first","14":"instock","15":"taxable","16":"shipping-taxable","17":"purchasable","18":"product-type-simple"},"jetpack_sharing_enabled":true,"_links":{"self":[{"href":"https:\/\/ozince.com\/magaza\/wp-json\/wp\/v2\/product\/10505","targetHints":{"allow":["GET"]}}],"collection":[{"href":"https:\/\/ozince.com\/magaza\/wp-json\/wp\/v2\/product"}],"about":[{"href":"https:\/\/ozince.com\/magaza\/wp-json\/wp\/v2\/types\/product"}],"wp:featuredmedia":[{"embeddable":true,"href":"https:\/\/ozince.com\/magaza\/wp-json\/wp\/v2\/media\/12832"}],"wp:attachment":[{"href":"https:\/\/ozince.com\/magaza\/wp-json\/wp\/v2\/media?parent=10505"}],"wp:term":[{"taxonomy":"product_brand","embeddable":true,"href":"https:\/\/ozince.com\/magaza\/wp-json\/wp\/v2\/product_brand?post=10505"},{"taxonomy":"product_cat","embeddable":true,"href":"https:\/\/ozince.com\/magaza\/wp-json\/wp\/v2\/product_cat?post=10505"},{"taxonomy":"product_tag","embeddable":true,"href":"https:\/\/ozince.com\/magaza\/wp-json\/wp\/v2\/product_tag?post=10505"}],"curies":[{"name":"wp","href":"https:\/\/api.w.org\/{rel}","templated":true}]}}