{"id":10495,"date":"2026-03-05T08:01:04","date_gmt":"2026-03-05T05:01:04","guid":{"rendered":"https:\/\/ozince.com\/magaza\/kategorilenmemis\/mhr-28216-fren-balata-linea-07-combo-d-12-doblo-10-bravo-ii-06-buyuk-tip-tek-fisli-on-137mm\/"},"modified":"2026-03-05T08:01:04","modified_gmt":"2026-03-05T05:01:04","slug":"mhr-28216-fren-balata-linea-07-combo-d-12-doblo-10-bravo-ii-06-buyuk-tip-tek-fisli-on-137mm","status":"publish","type":"product","link":"https:\/\/ozince.com\/magaza\/fren-sistemi-urunleri\/mhr-28216-fren-balata-linea-07-combo-d-12-doblo-10-bravo-ii-06-buyuk-tip-tek-fisli-on-137mm\/","title":{"rendered":"MHR-28216 FREN BALATA LINEA 07= \/ COMBO D 12= \/ DOBLO 10= \/ BRAVO II 06= (B\u00dcY\u00dcK T\u0130P TEK F\u0130\u015eL\u0130) \u00d6N 137mm"},"content":{"rendered":"","protected":false},"excerpt":{"rendered":"","protected":false},"featured_media":12851,"template":"","meta":[],"product_brand":[288],"product_cat":[257],"product_tag":[378],"class_list":{"0":"post-10495","1":"product","2":"type-product","3":"status-publish","4":"has-post-thumbnail","6":"arac_markasi_modeli-combo-d","7":"arac_markasi_modeli-opel","8":"product_brand-maher","9":"product_cat-fren-sistemi-urunleri","10":"product_tag-altay","12":"first","13":"instock","14":"taxable","15":"shipping-taxable","16":"purchasable","17":"product-type-simple"},"jetpack_sharing_enabled":true,"_links":{"self":[{"href":"https:\/\/ozince.com\/magaza\/wp-json\/wp\/v2\/product\/10495","targetHints":{"allow":["GET"]}}],"collection":[{"href":"https:\/\/ozince.com\/magaza\/wp-json\/wp\/v2\/product"}],"about":[{"href":"https:\/\/ozince.com\/magaza\/wp-json\/wp\/v2\/types\/product"}],"wp:featuredmedia":[{"embeddable":true,"href":"https:\/\/ozince.com\/magaza\/wp-json\/wp\/v2\/media\/12851"}],"wp:attachment":[{"href":"https:\/\/ozince.com\/magaza\/wp-json\/wp\/v2\/media?parent=10495"}],"wp:term":[{"taxonomy":"product_brand","embeddable":true,"href":"https:\/\/ozince.com\/magaza\/wp-json\/wp\/v2\/product_brand?post=10495"},{"taxonomy":"product_cat","embeddable":true,"href":"https:\/\/ozince.com\/magaza\/wp-json\/wp\/v2\/product_cat?post=10495"},{"taxonomy":"product_tag","embeddable":true,"href":"https:\/\/ozince.com\/magaza\/wp-json\/wp\/v2\/product_tag?post=10495"}],"curies":[{"name":"wp","href":"https:\/\/api.w.org\/{rel}","templated":true}]}}