{"id":10445,"date":"2026-04-29T08:02:24","date_gmt":"2026-04-29T05:02:24","guid":{"rendered":"https:\/\/ozince.com\/magaza\/kategorilenmemis\/mhr-18329-aks-komple-on-corsa-c-00-06-combo-c-01-06-sag-1-3cdti-absli-29-dis-930mm\/"},"modified":"2026-04-29T08:02:25","modified_gmt":"2026-04-29T05:02:25","slug":"mhr-18329-aks-komple-on-corsa-c-00-06-combo-c-01-06-sag-1-3cdti-absli-29-dis-930mm","status":"publish","type":"product","link":"https:\/\/ozince.com\/magaza\/aks-urunleri\/mhr-18329-aks-komple-on-corsa-c-00-06-combo-c-01-06-sag-1-3cdti-absli-29-dis-930mm\/","title":{"rendered":"MHR-18329 AKS KOMPLE \u00d6N CORSA C 00-06 \/ COMBO C 01-06 \/ SA\u011e 1.3CDTI ABSL\u0130 29 D\u0130\u015e 930mm"},"content":{"rendered":"","protected":false},"excerpt":{"rendered":"","protected":false},"featured_media":15389,"template":"","meta":[],"product_brand":[288],"product_cat":[379],"product_tag":[378],"class_list":{"0":"post-10445","1":"product","2":"type-product","3":"status-publish","4":"has-post-thumbnail","6":"arac_markasi_modeli-combo-c","7":"arac_markasi_modeli-corsa-c","8":"arac_markasi_modeli-opel","9":"product_brand-maher","10":"product_cat-aks-urunleri","11":"product_tag-altay","13":"first","14":"instock","15":"taxable","16":"shipping-taxable","17":"purchasable","18":"product-type-simple"},"jetpack_sharing_enabled":true,"_links":{"self":[{"href":"https:\/\/ozince.com\/magaza\/wp-json\/wp\/v2\/product\/10445","targetHints":{"allow":["GET"]}}],"collection":[{"href":"https:\/\/ozince.com\/magaza\/wp-json\/wp\/v2\/product"}],"about":[{"href":"https:\/\/ozince.com\/magaza\/wp-json\/wp\/v2\/types\/product"}],"wp:featuredmedia":[{"embeddable":true,"href":"https:\/\/ozince.com\/magaza\/wp-json\/wp\/v2\/media\/15389"}],"wp:attachment":[{"href":"https:\/\/ozince.com\/magaza\/wp-json\/wp\/v2\/media?parent=10445"}],"wp:term":[{"taxonomy":"product_brand","embeddable":true,"href":"https:\/\/ozince.com\/magaza\/wp-json\/wp\/v2\/product_brand?post=10445"},{"taxonomy":"product_cat","embeddable":true,"href":"https:\/\/ozince.com\/magaza\/wp-json\/wp\/v2\/product_cat?post=10445"},{"taxonomy":"product_tag","embeddable":true,"href":"https:\/\/ozince.com\/magaza\/wp-json\/wp\/v2\/product_tag?post=10445"}],"curies":[{"name":"wp","href":"https:\/\/api.w.org\/{rel}","templated":true}]}}