{"id":10440,"date":"2026-04-07T08:02:20","date_gmt":"2026-04-07T05:02:20","guid":{"rendered":"https:\/\/ozince.com\/magaza\/kategorilenmemis\/mhr-19842-fren-silindiri-astra-g-98-05-1-6-16v-dokum-1905mm-arka-sol-sag\/"},"modified":"2026-04-07T08:02:20","modified_gmt":"2026-04-07T05:02:20","slug":"mhr-19842-fren-silindiri-astra-g-98-05-1-6-16v-dokum-1905mm-arka-sol-sag","status":"publish","type":"product","link":"https:\/\/ozince.com\/magaza\/fren-sistemi-urunleri\/mhr-19842-fren-silindiri-astra-g-98-05-1-6-16v-dokum-1905mm-arka-sol-sag\/","title":{"rendered":"MHR-19842 FREN S\u0130L\u0130ND\u0130R\u0130 ASTRA G 98-05 1.6 16V D\u00d6K\u00dcM 19,05mm ARKA SOL-SA\u011e"},"content":{"rendered":"","protected":false},"excerpt":{"rendered":"","protected":false},"featured_media":12880,"template":"","meta":[],"product_brand":[288],"product_cat":[257],"product_tag":[378],"class_list":{"0":"post-10440","1":"product","2":"type-product","3":"status-publish","4":"has-post-thumbnail","6":"arac_markasi_modeli-astra-g","7":"arac_markasi_modeli-opel","8":"product_brand-maher","9":"product_cat-fren-sistemi-urunleri","10":"product_tag-altay","12":"first","13":"outofstock","14":"taxable","15":"shipping-taxable","16":"purchasable","17":"product-type-simple"},"jetpack_sharing_enabled":true,"_links":{"self":[{"href":"https:\/\/ozince.com\/magaza\/wp-json\/wp\/v2\/product\/10440","targetHints":{"allow":["GET"]}}],"collection":[{"href":"https:\/\/ozince.com\/magaza\/wp-json\/wp\/v2\/product"}],"about":[{"href":"https:\/\/ozince.com\/magaza\/wp-json\/wp\/v2\/types\/product"}],"wp:featuredmedia":[{"embeddable":true,"href":"https:\/\/ozince.com\/magaza\/wp-json\/wp\/v2\/media\/12880"}],"wp:attachment":[{"href":"https:\/\/ozince.com\/magaza\/wp-json\/wp\/v2\/media?parent=10440"}],"wp:term":[{"taxonomy":"product_brand","embeddable":true,"href":"https:\/\/ozince.com\/magaza\/wp-json\/wp\/v2\/product_brand?post=10440"},{"taxonomy":"product_cat","embeddable":true,"href":"https:\/\/ozince.com\/magaza\/wp-json\/wp\/v2\/product_cat?post=10440"},{"taxonomy":"product_tag","embeddable":true,"href":"https:\/\/ozince.com\/magaza\/wp-json\/wp\/v2\/product_tag?post=10440"}],"curies":[{"name":"wp","href":"https:\/\/api.w.org\/{rel}","templated":true}]}}