{"id":10423,"date":"2026-04-06T08:08:56","date_gmt":"2026-04-06T05:08:56","guid":{"rendered":"https:\/\/ozince.com\/magaza\/kategorilenmemis\/mhr-19749-yag-filtresi-astra-k-16-insignia-b-18-corsa-e-15-insignia-a-11-17-mokka-16-adam-14-18-b10xfl-d10xfl-b14xe-b14xfl-d14xfl-d14xft-b15sfl-d15sfl-b15sft-b10xft-b14xft\/"},"modified":"2026-04-06T08:08:57","modified_gmt":"2026-04-06T05:08:57","slug":"flt-op570-2-yag-filtresi-astra-k-16-insignia-b-18-corsa-e-15-insignia-a-11-17-mokka-16-adam-14-18-b10xfl-d10xfl-b14xe-b14xfl-d14xfl-d14xft-b15sfl-d15sfl-b15sft-b10xft-b14xft","status":"publish","type":"product","link":"https:\/\/ozince.com\/magaza\/periyodik-bakim-ve-filtre-urunleri\/flt-op570-2-yag-filtresi-astra-k-16-insignia-b-18-corsa-e-15-insignia-a-11-17-mokka-16-adam-14-18-b10xfl-d10xfl-b14xe-b14xfl-d14xfl-d14xft-b15sfl-d15sfl-b15sft-b10xft-b14xft\/","title":{"rendered":"FLT-OP570\/2 YA\u011e F\u0130LTRES\u0130 ASTRA K 16 \/ INSIGNIA B 18 \/ CORSA E 15 \/ INSIGNIA A 11-17 \/ MOKKA 16= \/ ADAM 14-18 B10XFL-D10XFL-B14XE-B14XFL-D14XFL-D14XFT-B15SFL-D15SFL-B15SFT-B10XFT-B14XFT"},"content":{"rendered":"","protected":false},"excerpt":{"rendered":"","protected":false},"featured_media":0,"template":"","meta":[],"product_brand":[196],"product_cat":[352],"product_tag":[378],"class_list":{"0":"post-10423","1":"product","2":"type-product","3":"status-publish","5":"arac_markasi_modeli-adam","6":"arac_markasi_modeli-astra-k","7":"arac_markasi_modeli-corsa-e","8":"arac_markasi_modeli-insignia-a","9":"arac_markasi_modeli-insignia-b","10":"arac_markasi_modeli-mokka","11":"arac_markasi_modeli-opel","12":"product_brand-filtron","13":"product_cat-periyodik-bakim-ve-filtre-urunleri","14":"product_tag-altay","16":"first","17":"outofstock","18":"taxable","19":"shipping-taxable","20":"purchasable","21":"product-type-simple"},"jetpack_sharing_enabled":true,"_links":{"self":[{"href":"https:\/\/ozince.com\/magaza\/wp-json\/wp\/v2\/product\/10423","targetHints":{"allow":["GET"]}}],"collection":[{"href":"https:\/\/ozince.com\/magaza\/wp-json\/wp\/v2\/product"}],"about":[{"href":"https:\/\/ozince.com\/magaza\/wp-json\/wp\/v2\/types\/product"}],"wp:attachment":[{"href":"https:\/\/ozince.com\/magaza\/wp-json\/wp\/v2\/media?parent=10423"}],"wp:term":[{"taxonomy":"product_brand","embeddable":true,"href":"https:\/\/ozince.com\/magaza\/wp-json\/wp\/v2\/product_brand?post=10423"},{"taxonomy":"product_cat","embeddable":true,"href":"https:\/\/ozince.com\/magaza\/wp-json\/wp\/v2\/product_cat?post=10423"},{"taxonomy":"product_tag","embeddable":true,"href":"https:\/\/ozince.com\/magaza\/wp-json\/wp\/v2\/product_tag?post=10423"}],"curies":[{"name":"wp","href":"https:\/\/api.w.org\/{rel}","templated":true}]}}