{"id":10418,"date":"2026-04-15T08:04:43","date_gmt":"2026-04-15T05:04:43","guid":{"rendered":"https:\/\/ozince.com\/magaza\/kategorilenmemis\/mhr-19685-hava-filtresi-insignia-b-17-b16dth-b20dth-1-6-2-0-sungerli\/"},"modified":"2026-04-15T08:04:44","modified_gmt":"2026-04-15T05:04:44","slug":"mhr-19685-hava-filtresi-insignia-b-17-b16dth-b20dth-1-6-2-0-sungerli","status":"publish","type":"product","link":"https:\/\/ozince.com\/magaza\/periyodik-bakim-ve-filtre-urunleri\/mhr-19685-hava-filtresi-insignia-b-17-b16dth-b20dth-1-6-2-0-sungerli\/","title":{"rendered":"MHR-19685 HAVA F\u0130LTRES\u0130 INSIGNIA B 17= B16DTH-B20DTH 1.6-2.0 S\u00dcNGERL\u0130"},"content":{"rendered":"","protected":false},"excerpt":{"rendered":"","protected":false},"featured_media":0,"template":"","meta":[],"product_brand":[288],"product_cat":[352],"product_tag":[378],"class_list":{"0":"post-10418","1":"product","2":"type-product","3":"status-publish","5":"arac_markasi_modeli-insignia-b","6":"arac_markasi_modeli-opel","7":"product_brand-maher","8":"product_cat-periyodik-bakim-ve-filtre-urunleri","9":"product_tag-altay","11":"first","12":"outofstock","13":"taxable","14":"shipping-taxable","15":"purchasable","16":"product-type-simple"},"jetpack_sharing_enabled":true,"_links":{"self":[{"href":"https:\/\/ozince.com\/magaza\/wp-json\/wp\/v2\/product\/10418","targetHints":{"allow":["GET"]}}],"collection":[{"href":"https:\/\/ozince.com\/magaza\/wp-json\/wp\/v2\/product"}],"about":[{"href":"https:\/\/ozince.com\/magaza\/wp-json\/wp\/v2\/types\/product"}],"wp:attachment":[{"href":"https:\/\/ozince.com\/magaza\/wp-json\/wp\/v2\/media?parent=10418"}],"wp:term":[{"taxonomy":"product_brand","embeddable":true,"href":"https:\/\/ozince.com\/magaza\/wp-json\/wp\/v2\/product_brand?post=10418"},{"taxonomy":"product_cat","embeddable":true,"href":"https:\/\/ozince.com\/magaza\/wp-json\/wp\/v2\/product_cat?post=10418"},{"taxonomy":"product_tag","embeddable":true,"href":"https:\/\/ozince.com\/magaza\/wp-json\/wp\/v2\/product_tag?post=10418"}],"curies":[{"name":"wp","href":"https:\/\/api.w.org\/{rel}","templated":true}]}}