{"id":10388,"date":"2026-04-29T08:26:50","date_gmt":"2026-04-29T05:26:50","guid":{"rendered":"https:\/\/ozince.com\/magaza\/kategorilenmemis\/mhr-14489-teker-poryasi-vectra-c-03-08-on-rulmanli-5-bijon-absli\/"},"modified":"2026-04-29T08:26:51","modified_gmt":"2026-04-29T05:26:51","slug":"snr-r15340-teker-poryasi-vectra-c-03-08-on-rulmanli-5-bijon-absli","status":"publish","type":"product","link":"https:\/\/ozince.com\/magaza\/aks-urunleri\/snr-r15340-teker-poryasi-vectra-c-03-08-on-rulmanli-5-bijon-absli\/","title":{"rendered":"SNR-R15340 TEKER PORYASI VECTRA C 03-08 \u00d6N RULMANLI 5 B\u0130JON ABSL\u0130"},"content":{"rendered":"","protected":false},"excerpt":{"rendered":"","protected":false},"featured_media":14619,"template":"","meta":[],"product_brand":[308],"product_cat":[379],"product_tag":[378],"class_list":{"0":"post-10388","1":"product","2":"type-product","3":"status-publish","4":"has-post-thumbnail","6":"arac_markasi_modeli-opel","7":"arac_markasi_modeli-vectra-c","8":"product_brand-snr","9":"product_cat-aks-urunleri","10":"product_tag-altay","12":"first","13":"outofstock","14":"taxable","15":"shipping-taxable","16":"purchasable","17":"product-type-simple"},"jetpack_sharing_enabled":true,"_links":{"self":[{"href":"https:\/\/ozince.com\/magaza\/wp-json\/wp\/v2\/product\/10388","targetHints":{"allow":["GET"]}}],"collection":[{"href":"https:\/\/ozince.com\/magaza\/wp-json\/wp\/v2\/product"}],"about":[{"href":"https:\/\/ozince.com\/magaza\/wp-json\/wp\/v2\/types\/product"}],"wp:featuredmedia":[{"embeddable":true,"href":"https:\/\/ozince.com\/magaza\/wp-json\/wp\/v2\/media\/14619"}],"wp:attachment":[{"href":"https:\/\/ozince.com\/magaza\/wp-json\/wp\/v2\/media?parent=10388"}],"wp:term":[{"taxonomy":"product_brand","embeddable":true,"href":"https:\/\/ozince.com\/magaza\/wp-json\/wp\/v2\/product_brand?post=10388"},{"taxonomy":"product_cat","embeddable":true,"href":"https:\/\/ozince.com\/magaza\/wp-json\/wp\/v2\/product_cat?post=10388"},{"taxonomy":"product_tag","embeddable":true,"href":"https:\/\/ozince.com\/magaza\/wp-json\/wp\/v2\/product_tag?post=10388"}],"curies":[{"name":"wp","href":"https:\/\/api.w.org\/{rel}","templated":true}]}}