{"id":10385,"date":"2026-03-04T08:02:58","date_gmt":"2026-03-04T05:02:58","guid":{"rendered":"https:\/\/ozince.com\/magaza\/kategorilenmemis\/mhr-00554-silindir-kapagi-fiat-egea-punto-linea-doblo-fiorino-opel-corsa-d-astra-j-meriva-b-agila-b-citroen-nemo-peugeot-bippper-tepee-chevrolet-aveo-13jtd-a13dtr-a13dte-90hp-eu\/"},"modified":"2026-03-04T08:02:59","modified_gmt":"2026-03-04T05:02:59","slug":"mhr-00554-silindir-kapagi-fiat-egea-punto-linea-doblo-fiorino-opel-corsa-d-astra-j-meriva-b-agila-b-citroen-nemo-peugeot-bippper-tepee-chevrolet-aveo-13jtd-a13dtr-a13dte-90hp-eu","status":"publish","type":"product","link":"https:\/\/ozince.com\/magaza\/motor-mekanik-urunleri\/mhr-00554-silindir-kapagi-fiat-egea-punto-linea-doblo-fiorino-opel-corsa-d-astra-j-meriva-b-agila-b-citroen-nemo-peugeot-bippper-tepee-chevrolet-aveo-13jtd-a13dtr-a13dte-90hp-eu\/","title":{"rendered":"MHR-00554 S\u0130L\u0130ND\u0130R KAPA\u011eI FIAT EGEA \/ PUNTO \/ LINEA \/ DOBLO \/ FIORINO \/ OPEL CORSA D \/ ASTRA J \/ MERIVA B \/ AGILA B \/ CITROEN NEMO \/ PEUGEOT BIPPPER TEPEE \/ CHEVROLET AVEO  13JTD-A13DTR-A13DTE 90HP EURO5"},"content":{"rendered":"","protected":false},"excerpt":{"rendered":"","protected":false},"featured_media":12582,"template":"","meta":[],"product_brand":[288],"product_cat":[298],"product_tag":[378],"class_list":{"0":"post-10385","1":"product","2":"type-product","3":"status-publish","4":"has-post-thumbnail","6":"arac_markasi_modeli-agila","7":"arac_markasi_modeli-agila-b","8":"arac_markasi_modeli-astra-j","9":"arac_markasi_modeli-corsa-d","10":"arac_markasi_modeli-meriva","11":"arac_markasi_modeli-meriva-b","12":"arac_markasi_modeli-opel","13":"product_brand-maher","14":"product_cat-motor-mekanik-urunleri","15":"product_tag-altay","17":"first","18":"outofstock","19":"taxable","20":"shipping-taxable","21":"purchasable","22":"product-type-simple"},"jetpack_sharing_enabled":true,"_links":{"self":[{"href":"https:\/\/ozince.com\/magaza\/wp-json\/wp\/v2\/product\/10385","targetHints":{"allow":["GET"]}}],"collection":[{"href":"https:\/\/ozince.com\/magaza\/wp-json\/wp\/v2\/product"}],"about":[{"href":"https:\/\/ozince.com\/magaza\/wp-json\/wp\/v2\/types\/product"}],"wp:featuredmedia":[{"embeddable":true,"href":"https:\/\/ozince.com\/magaza\/wp-json\/wp\/v2\/media\/12582"}],"wp:attachment":[{"href":"https:\/\/ozince.com\/magaza\/wp-json\/wp\/v2\/media?parent=10385"}],"wp:term":[{"taxonomy":"product_brand","embeddable":true,"href":"https:\/\/ozince.com\/magaza\/wp-json\/wp\/v2\/product_brand?post=10385"},{"taxonomy":"product_cat","embeddable":true,"href":"https:\/\/ozince.com\/magaza\/wp-json\/wp\/v2\/product_cat?post=10385"},{"taxonomy":"product_tag","embeddable":true,"href":"https:\/\/ozince.com\/magaza\/wp-json\/wp\/v2\/product_tag?post=10385"}],"curies":[{"name":"wp","href":"https:\/\/api.w.org\/{rel}","templated":true}]}}