{"id":10373,"date":"2025-10-14T13:52:44","date_gmt":"2025-10-14T10:52:44","guid":{"rendered":"https:\/\/ozince.com\/magaza\/kategorilenmemis\/mhr-00354-fren-balata-combo-d-12-doblo-10-linea-07-buyuk-tip-cift-fisli-on-eco-137mm\/"},"modified":"2025-10-30T13:39:18","modified_gmt":"2025-10-30T10:39:18","slug":"mhr-00354-fren-balata-combo-d-12-doblo-10-linea-07-buyuk-tip-cift-fisli-on-eco-137mm","status":"publish","type":"product","link":"https:\/\/ozince.com\/magaza\/fren-sistemi-urunleri\/mhr-00354-fren-balata-combo-d-12-doblo-10-linea-07-buyuk-tip-cift-fisli-on-eco-137mm\/","title":{"rendered":"MHR-00354 FREN BALATA COMBO D 12= \/ DOBLO 10= \/ LINEA 07= (B\u00dcY\u00dcK T\u0130P) \u00c7\u0130FT F\u0130\u015eL\u0130 \u00d6N ECO 137mm"},"content":{"rendered":"","protected":false},"excerpt":{"rendered":"","protected":false},"featured_media":12588,"template":"","meta":[],"product_brand":[288],"product_cat":[257],"product_tag":[378],"class_list":{"0":"post-10373","1":"product","2":"type-product","3":"status-publish","4":"has-post-thumbnail","6":"arac_markasi_modeli-combo-d","7":"arac_markasi_modeli-opel","8":"product_brand-maher","9":"product_cat-fren-sistemi-urunleri","10":"product_tag-altay","12":"first","13":"instock","14":"taxable","15":"shipping-taxable","16":"purchasable","17":"product-type-simple"},"jetpack_sharing_enabled":true,"_links":{"self":[{"href":"https:\/\/ozince.com\/magaza\/wp-json\/wp\/v2\/product\/10373","targetHints":{"allow":["GET"]}}],"collection":[{"href":"https:\/\/ozince.com\/magaza\/wp-json\/wp\/v2\/product"}],"about":[{"href":"https:\/\/ozince.com\/magaza\/wp-json\/wp\/v2\/types\/product"}],"wp:featuredmedia":[{"embeddable":true,"href":"https:\/\/ozince.com\/magaza\/wp-json\/wp\/v2\/media\/12588"}],"wp:attachment":[{"href":"https:\/\/ozince.com\/magaza\/wp-json\/wp\/v2\/media?parent=10373"}],"wp:term":[{"taxonomy":"product_brand","embeddable":true,"href":"https:\/\/ozince.com\/magaza\/wp-json\/wp\/v2\/product_brand?post=10373"},{"taxonomy":"product_cat","embeddable":true,"href":"https:\/\/ozince.com\/magaza\/wp-json\/wp\/v2\/product_cat?post=10373"},{"taxonomy":"product_tag","embeddable":true,"href":"https:\/\/ozince.com\/magaza\/wp-json\/wp\/v2\/product_tag?post=10373"}],"curies":[{"name":"wp","href":"https:\/\/api.w.org\/{rel}","templated":true}]}}