{"id":10331,"date":"2026-04-10T08:04:05","date_gmt":"2026-04-10T05:04:05","guid":{"rendered":"https:\/\/ozince.com\/magaza\/kategorilenmemis\/mhr-35552-aks-kafasi-ic-on-sol-a-t-corsa-f-crossland-crossland-x-otm-6-vites-c3-aircross-1-2eb2adtd-1\/"},"modified":"2026-04-10T08:04:05","modified_gmt":"2026-04-10T05:04:05","slug":"mhr-35552-aks-kafasi-ic-on-sol-a-t-corsa-f-crossland-crossland-x-otm-6-vites-c3-aircross-1-2eb2adtd-1","status":"publish","type":"product","link":"https:\/\/ozince.com\/magaza\/aks-urunleri\/mhr-35552-aks-kafasi-ic-on-sol-a-t-corsa-f-crossland-crossland-x-otm-6-vites-c3-aircross-1-2eb2adtd-1\/","title":{"rendered":"MHR-35552 AKS KAFASI \u0130\u00c7 \u00d6N SOL  A.T CORSA F \/ CROSSLAND \/ CROSSLAND X OTM.6 V\u0130TES \/ C3 AIRCROSS 1.2(EB2ADTD)-1"},"content":{"rendered":"","protected":false},"excerpt":{"rendered":"","protected":false},"featured_media":15455,"template":"","meta":[],"product_brand":[288],"product_cat":[379],"product_tag":[378],"class_list":{"0":"post-10331","1":"product","2":"type-product","3":"status-publish","4":"has-post-thumbnail","6":"arac_markasi_modeli-corsa-f","7":"arac_markasi_modeli-crossland-x","8":"arac_markasi_modeli-opel","9":"product_brand-maher","10":"product_cat-aks-urunleri","11":"product_tag-altay","13":"first","14":"outofstock","15":"taxable","16":"shipping-taxable","17":"purchasable","18":"product-type-simple"},"jetpack_sharing_enabled":true,"_links":{"self":[{"href":"https:\/\/ozince.com\/magaza\/wp-json\/wp\/v2\/product\/10331","targetHints":{"allow":["GET"]}}],"collection":[{"href":"https:\/\/ozince.com\/magaza\/wp-json\/wp\/v2\/product"}],"about":[{"href":"https:\/\/ozince.com\/magaza\/wp-json\/wp\/v2\/types\/product"}],"wp:featuredmedia":[{"embeddable":true,"href":"https:\/\/ozince.com\/magaza\/wp-json\/wp\/v2\/media\/15455"}],"wp:attachment":[{"href":"https:\/\/ozince.com\/magaza\/wp-json\/wp\/v2\/media?parent=10331"}],"wp:term":[{"taxonomy":"product_brand","embeddable":true,"href":"https:\/\/ozince.com\/magaza\/wp-json\/wp\/v2\/product_brand?post=10331"},{"taxonomy":"product_cat","embeddable":true,"href":"https:\/\/ozince.com\/magaza\/wp-json\/wp\/v2\/product_cat?post=10331"},{"taxonomy":"product_tag","embeddable":true,"href":"https:\/\/ozince.com\/magaza\/wp-json\/wp\/v2\/product_tag?post=10331"}],"curies":[{"name":"wp","href":"https:\/\/api.w.org\/{rel}","templated":true}]}}