{"id":10329,"date":"2026-05-01T08:02:35","date_gmt":"2026-05-01T05:02:35","guid":{"rendered":"https:\/\/ozince.com\/magaza\/kategorilenmemis\/mhr-35550-aks-kafasi-ic-on-sag-a-t-corsa-f-1-2eb2adtd-1-5-dv5rd-208-ii-1-2eb2adtd-1-5dv5rd\/"},"modified":"2026-05-01T08:02:37","modified_gmt":"2026-05-01T05:02:37","slug":"mhr-35550-aks-kafasi-ic-on-sag-a-t-corsa-f-1-2eb2adtd-1-5-dv5rd-208-ii-1-2eb2adtd-1-5dv5rd","status":"publish","type":"product","link":"https:\/\/ozince.com\/magaza\/aks-urunleri\/mhr-35550-aks-kafasi-ic-on-sag-a-t-corsa-f-1-2eb2adtd-1-5-dv5rd-208-ii-1-2eb2adtd-1-5dv5rd\/","title":{"rendered":"MHR-35550 AKS KAFASI \u0130\u00c7 \u00d6N SA\u011e  A.T CORSA F 1.2(EB2ADTD)-1.5 (DV5RD) \/ 208 II 1.2(EB2ADTD)-1.5(DV5RD)"},"content":{"rendered":"","protected":false},"excerpt":{"rendered":"","protected":false},"featured_media":12617,"template":"","meta":[],"product_brand":[288],"product_cat":[379],"product_tag":[378],"class_list":{"0":"post-10329","1":"product","2":"type-product","3":"status-publish","4":"has-post-thumbnail","6":"arac_markasi_modeli-corsa-f","7":"arac_markasi_modeli-opel","8":"product_brand-maher","9":"product_cat-aks-urunleri","10":"product_tag-altay","12":"first","13":"instock","14":"taxable","15":"shipping-taxable","16":"purchasable","17":"product-type-simple"},"jetpack_sharing_enabled":true,"_links":{"self":[{"href":"https:\/\/ozince.com\/magaza\/wp-json\/wp\/v2\/product\/10329","targetHints":{"allow":["GET"]}}],"collection":[{"href":"https:\/\/ozince.com\/magaza\/wp-json\/wp\/v2\/product"}],"about":[{"href":"https:\/\/ozince.com\/magaza\/wp-json\/wp\/v2\/types\/product"}],"wp:featuredmedia":[{"embeddable":true,"href":"https:\/\/ozince.com\/magaza\/wp-json\/wp\/v2\/media\/12617"}],"wp:attachment":[{"href":"https:\/\/ozince.com\/magaza\/wp-json\/wp\/v2\/media?parent=10329"}],"wp:term":[{"taxonomy":"product_brand","embeddable":true,"href":"https:\/\/ozince.com\/magaza\/wp-json\/wp\/v2\/product_brand?post=10329"},{"taxonomy":"product_cat","embeddable":true,"href":"https:\/\/ozince.com\/magaza\/wp-json\/wp\/v2\/product_cat?post=10329"},{"taxonomy":"product_tag","embeddable":true,"href":"https:\/\/ozince.com\/magaza\/wp-json\/wp\/v2\/product_tag?post=10329"}],"curies":[{"name":"wp","href":"https:\/\/api.w.org\/{rel}","templated":true}]}}