{"id":10292,"date":"2026-04-30T08:00:40","date_gmt":"2026-04-30T05:00:40","guid":{"rendered":"https:\/\/ozince.com\/magaza\/kategorilenmemis\/mhr-24496-musur-fan-vectra-b-96-01-95-105-c-3-fisli-yuvarlak\/"},"modified":"2026-04-30T08:00:42","modified_gmt":"2026-04-30T05:00:42","slug":"mhr-24496-musur-fan-vectra-b-96-01-95-105-c-3-fisli-yuvarlak","status":"publish","type":"product","link":"https:\/\/ozince.com\/magaza\/sensor-ve-elektrik-urunleri\/mhr-24496-musur-fan-vectra-b-96-01-95-105-c-3-fisli-yuvarlak\/","title":{"rendered":"MHR-24496 M\u00dc\u015e\u00dcR FAN VECTRA B 96-01 95-105 \u00b0C 3 FISLI YUVARLAK"},"content":{"rendered":"","protected":false},"excerpt":{"rendered":"","protected":false},"featured_media":12234,"template":"","meta":[],"product_brand":[288],"product_cat":[374],"product_tag":[378],"class_list":{"0":"post-10292","1":"product","2":"type-product","3":"status-publish","4":"has-post-thumbnail","6":"arac_markasi_modeli-opel","7":"arac_markasi_modeli-vectra-b","8":"product_brand-maher","9":"product_cat-sensor-ve-elektrik-urunleri","10":"product_tag-altay","12":"first","13":"instock","14":"taxable","15":"shipping-taxable","16":"purchasable","17":"product-type-simple"},"jetpack_sharing_enabled":true,"_links":{"self":[{"href":"https:\/\/ozince.com\/magaza\/wp-json\/wp\/v2\/product\/10292","targetHints":{"allow":["GET"]}}],"collection":[{"href":"https:\/\/ozince.com\/magaza\/wp-json\/wp\/v2\/product"}],"about":[{"href":"https:\/\/ozince.com\/magaza\/wp-json\/wp\/v2\/types\/product"}],"wp:featuredmedia":[{"embeddable":true,"href":"https:\/\/ozince.com\/magaza\/wp-json\/wp\/v2\/media\/12234"}],"wp:attachment":[{"href":"https:\/\/ozince.com\/magaza\/wp-json\/wp\/v2\/media?parent=10292"}],"wp:term":[{"taxonomy":"product_brand","embeddable":true,"href":"https:\/\/ozince.com\/magaza\/wp-json\/wp\/v2\/product_brand?post=10292"},{"taxonomy":"product_cat","embeddable":true,"href":"https:\/\/ozince.com\/magaza\/wp-json\/wp\/v2\/product_cat?post=10292"},{"taxonomy":"product_tag","embeddable":true,"href":"https:\/\/ozince.com\/magaza\/wp-json\/wp\/v2\/product_tag?post=10292"}],"curies":[{"name":"wp","href":"https:\/\/api.w.org\/{rel}","templated":true}]}}