{"id":10248,"date":"2026-05-01T08:04:13","date_gmt":"2026-05-01T05:04:13","guid":{"rendered":"https:\/\/ozince.com\/magaza\/kategorilenmemis\/mhr-18343-aks-komple-on-astra-f-91-98-vectra-a-88-95-sol-1-4-absli-29-dis-585mm\/"},"modified":"2026-05-01T08:04:14","modified_gmt":"2026-05-01T05:04:14","slug":"mhr-18343-aks-komple-on-astra-f-91-98-vectra-a-88-95-sol-1-4-absli-29-dis-585mm","status":"publish","type":"product","link":"https:\/\/ozince.com\/magaza\/aks-urunleri\/mhr-18343-aks-komple-on-astra-f-91-98-vectra-a-88-95-sol-1-4-absli-29-dis-585mm\/","title":{"rendered":"MHR-18343 AKS KOMPLE \u00d6N ASTRA F  91-98 \/ VECTRA A 88-95 \/ SOL 1.4 ABSL\u0130 29 D\u0130\u015e 585mm"},"content":{"rendered":"","protected":false},"excerpt":{"rendered":"","protected":false},"featured_media":12276,"template":"","meta":[],"product_brand":[288],"product_cat":[379],"product_tag":[378],"class_list":{"0":"post-10248","1":"product","2":"type-product","3":"status-publish","4":"has-post-thumbnail","6":"arac_markasi_modeli-astra-f","7":"arac_markasi_modeli-opel","8":"arac_markasi_modeli-vectra-a","9":"product_brand-maher","10":"product_cat-aks-urunleri","11":"product_tag-altay","13":"first","14":"outofstock","15":"taxable","16":"shipping-taxable","17":"purchasable","18":"product-type-simple"},"jetpack_sharing_enabled":true,"_links":{"self":[{"href":"https:\/\/ozince.com\/magaza\/wp-json\/wp\/v2\/product\/10248","targetHints":{"allow":["GET"]}}],"collection":[{"href":"https:\/\/ozince.com\/magaza\/wp-json\/wp\/v2\/product"}],"about":[{"href":"https:\/\/ozince.com\/magaza\/wp-json\/wp\/v2\/types\/product"}],"wp:featuredmedia":[{"embeddable":true,"href":"https:\/\/ozince.com\/magaza\/wp-json\/wp\/v2\/media\/12276"}],"wp:attachment":[{"href":"https:\/\/ozince.com\/magaza\/wp-json\/wp\/v2\/media?parent=10248"}],"wp:term":[{"taxonomy":"product_brand","embeddable":true,"href":"https:\/\/ozince.com\/magaza\/wp-json\/wp\/v2\/product_brand?post=10248"},{"taxonomy":"product_cat","embeddable":true,"href":"https:\/\/ozince.com\/magaza\/wp-json\/wp\/v2\/product_cat?post=10248"},{"taxonomy":"product_tag","embeddable":true,"href":"https:\/\/ozince.com\/magaza\/wp-json\/wp\/v2\/product_tag?post=10248"}],"curies":[{"name":"wp","href":"https:\/\/api.w.org\/{rel}","templated":true}]}}