{"id":10218,"date":"2026-04-11T08:02:50","date_gmt":"2026-04-11T05:02:50","guid":{"rendered":"https:\/\/ozince.com\/magaza\/kategorilenmemis\/mhr-27396-hortum-kalorifer-astra-g-98-07-giris\/"},"modified":"2026-04-11T08:02:52","modified_gmt":"2026-04-11T05:02:52","slug":"mhr-27396-hortum-kalorifer-astra-g-98-07-giris","status":"publish","type":"product","link":"https:\/\/ozince.com\/magaza\/motor-sogutma-ve-radyator-urunleri\/mhr-27396-hortum-kalorifer-astra-g-98-07-giris\/","title":{"rendered":"MHR-27396 HORTUM KALOR\u0130FER ASTRA G  98-07 G\u0130R\u0130\u015e"},"content":{"rendered":"","protected":false},"excerpt":{"rendered":"","protected":false},"featured_media":0,"template":"","meta":[],"product_brand":[288],"product_cat":[324],"product_tag":[378],"class_list":{"0":"post-10218","1":"product","2":"type-product","3":"status-publish","5":"arac_markasi_modeli-astra-g","6":"arac_markasi_modeli-opel","7":"product_brand-maher","8":"product_cat-motor-sogutma-ve-radyator-urunleri","9":"product_tag-altay","11":"first","12":"outofstock","13":"taxable","14":"shipping-taxable","15":"purchasable","16":"product-type-simple"},"jetpack_sharing_enabled":true,"_links":{"self":[{"href":"https:\/\/ozince.com\/magaza\/wp-json\/wp\/v2\/product\/10218","targetHints":{"allow":["GET"]}}],"collection":[{"href":"https:\/\/ozince.com\/magaza\/wp-json\/wp\/v2\/product"}],"about":[{"href":"https:\/\/ozince.com\/magaza\/wp-json\/wp\/v2\/types\/product"}],"wp:attachment":[{"href":"https:\/\/ozince.com\/magaza\/wp-json\/wp\/v2\/media?parent=10218"}],"wp:term":[{"taxonomy":"product_brand","embeddable":true,"href":"https:\/\/ozince.com\/magaza\/wp-json\/wp\/v2\/product_brand?post=10218"},{"taxonomy":"product_cat","embeddable":true,"href":"https:\/\/ozince.com\/magaza\/wp-json\/wp\/v2\/product_cat?post=10218"},{"taxonomy":"product_tag","embeddable":true,"href":"https:\/\/ozince.com\/magaza\/wp-json\/wp\/v2\/product_tag?post=10218"}],"curies":[{"name":"wp","href":"https:\/\/api.w.org\/{rel}","templated":true}]}}