{"id":10212,"date":"2026-04-11T08:01:03","date_gmt":"2026-04-11T05:01:03","guid":{"rendered":"https:\/\/ozince.com\/magaza\/kategorilenmemis\/mhr-27243-hortum-radyator-giris-corsa-b-x12sz-x14sz-c14nz-c14se\/"},"modified":"2026-04-11T08:01:04","modified_gmt":"2026-04-11T05:01:04","slug":"mhr-27243-hortum-radyator-giris-corsa-b-x12sz-x14sz-c14nz-c14se","status":"publish","type":"product","link":"https:\/\/ozince.com\/magaza\/motor-sogutma-ve-radyator-urunleri\/mhr-27243-hortum-radyator-giris-corsa-b-x12sz-x14sz-c14nz-c14se\/","title":{"rendered":"MHR-27243 HORTUM RADYAT\u00d6R G\u0130R\u0130\u015e CORSA B \/ X12SZ X14SZ C14NZ C14SE"},"content":{"rendered":"","protected":false},"excerpt":{"rendered":"","protected":false},"featured_media":12656,"template":"","meta":[],"product_brand":[288],"product_cat":[324],"product_tag":[378],"class_list":{"0":"post-10212","1":"product","2":"type-product","3":"status-publish","4":"has-post-thumbnail","6":"arac_markasi_modeli-corsa-b","7":"arac_markasi_modeli-opel","8":"product_brand-maher","9":"product_cat-motor-sogutma-ve-radyator-urunleri","10":"product_tag-altay","12":"first","13":"instock","14":"taxable","15":"shipping-taxable","16":"purchasable","17":"product-type-simple"},"jetpack_sharing_enabled":true,"_links":{"self":[{"href":"https:\/\/ozince.com\/magaza\/wp-json\/wp\/v2\/product\/10212","targetHints":{"allow":["GET"]}}],"collection":[{"href":"https:\/\/ozince.com\/magaza\/wp-json\/wp\/v2\/product"}],"about":[{"href":"https:\/\/ozince.com\/magaza\/wp-json\/wp\/v2\/types\/product"}],"wp:featuredmedia":[{"embeddable":true,"href":"https:\/\/ozince.com\/magaza\/wp-json\/wp\/v2\/media\/12656"}],"wp:attachment":[{"href":"https:\/\/ozince.com\/magaza\/wp-json\/wp\/v2\/media?parent=10212"}],"wp:term":[{"taxonomy":"product_brand","embeddable":true,"href":"https:\/\/ozince.com\/magaza\/wp-json\/wp\/v2\/product_brand?post=10212"},{"taxonomy":"product_cat","embeddable":true,"href":"https:\/\/ozince.com\/magaza\/wp-json\/wp\/v2\/product_cat?post=10212"},{"taxonomy":"product_tag","embeddable":true,"href":"https:\/\/ozince.com\/magaza\/wp-json\/wp\/v2\/product_tag?post=10212"}],"curies":[{"name":"wp","href":"https:\/\/api.w.org\/{rel}","templated":true}]}}