{"id":10183,"date":"2026-04-29T08:02:21","date_gmt":"2026-04-29T05:02:21","guid":{"rendered":"https:\/\/ozince.com\/magaza\/kategorilenmemis\/mhr-24498-musur-hararet-vectra-b-omega-b-96-03-x18xe1-x20xev\/"},"modified":"2026-04-29T08:02:22","modified_gmt":"2026-04-29T05:02:22","slug":"mhr-24498-musur-hararet-vectra-b-omega-b-96-03-x18xe1-x20xev","status":"publish","type":"product","link":"https:\/\/ozince.com\/magaza\/sensor-ve-elektrik-urunleri\/mhr-24498-musur-hararet-vectra-b-omega-b-96-03-x18xe1-x20xev\/","title":{"rendered":"MHR-24498 M\u00dc\u015e\u00dcR HARARET VECTRA B \/ OMEGA B 96-03 X18XE1-X20XEV"},"content":{"rendered":"","protected":false},"excerpt":{"rendered":"","protected":false},"featured_media":12256,"template":"","meta":[],"product_brand":[288],"product_cat":[374],"product_tag":[378],"class_list":{"0":"post-10183","1":"product","2":"type-product","3":"status-publish","4":"has-post-thumbnail","6":"arac_markasi_modeli-omega-b","7":"arac_markasi_modeli-opel","8":"arac_markasi_modeli-vectra-b","9":"product_brand-maher","10":"product_cat-sensor-ve-elektrik-urunleri","11":"product_tag-altay","13":"first","14":"instock","15":"taxable","16":"shipping-taxable","17":"purchasable","18":"product-type-simple"},"jetpack_sharing_enabled":true,"_links":{"self":[{"href":"https:\/\/ozince.com\/magaza\/wp-json\/wp\/v2\/product\/10183","targetHints":{"allow":["GET"]}}],"collection":[{"href":"https:\/\/ozince.com\/magaza\/wp-json\/wp\/v2\/product"}],"about":[{"href":"https:\/\/ozince.com\/magaza\/wp-json\/wp\/v2\/types\/product"}],"wp:featuredmedia":[{"embeddable":true,"href":"https:\/\/ozince.com\/magaza\/wp-json\/wp\/v2\/media\/12256"}],"wp:attachment":[{"href":"https:\/\/ozince.com\/magaza\/wp-json\/wp\/v2\/media?parent=10183"}],"wp:term":[{"taxonomy":"product_brand","embeddable":true,"href":"https:\/\/ozince.com\/magaza\/wp-json\/wp\/v2\/product_brand?post=10183"},{"taxonomy":"product_cat","embeddable":true,"href":"https:\/\/ozince.com\/magaza\/wp-json\/wp\/v2\/product_cat?post=10183"},{"taxonomy":"product_tag","embeddable":true,"href":"https:\/\/ozince.com\/magaza\/wp-json\/wp\/v2\/product_tag?post=10183"}],"curies":[{"name":"wp","href":"https:\/\/api.w.org\/{rel}","templated":true}]}}