{"id":10182,"date":"2026-04-29T08:02:21","date_gmt":"2026-04-29T05:02:21","guid":{"rendered":"https:\/\/ozince.com\/magaza\/kategorilenmemis\/mhr-24497-musur-fan-vectra-b-96-01-x16xel-z16xe-x18xe-z18xe-x20xev-x25xe-105-115-c-mavi-3-fisli-dikdortgen-soketli\/"},"modified":"2026-04-29T08:02:22","modified_gmt":"2026-04-29T05:02:22","slug":"mhr-24497-musur-fan-vectra-b-96-01-x16xel-z16xe-x18xe-z18xe-x20xev-x25xe-105-115-c-mavi-3-fisli-dikdortgen-soketli","status":"publish","type":"product","link":"https:\/\/ozince.com\/magaza\/sensor-ve-elektrik-urunleri\/mhr-24497-musur-fan-vectra-b-96-01-x16xel-z16xe-x18xe-z18xe-x20xev-x25xe-105-115-c-mavi-3-fisli-dikdortgen-soketli\/","title":{"rendered":"MHR-24497 M\u00dc\u015e\u00dcR FAN VECTRA B 96-01 X16XEL-Z16XE-X18XE-Z18XE-X20XEV-X25XE 105-115 \u00b0C MAVI 3 FISLI DIKD\u00d6RTGEN SOKETLI"},"content":{"rendered":"","protected":false},"excerpt":{"rendered":"","protected":false},"featured_media":12661,"template":"","meta":[],"product_brand":[288],"product_cat":[374],"product_tag":[378],"class_list":{"0":"post-10182","1":"product","2":"type-product","3":"status-publish","4":"has-post-thumbnail","6":"arac_markasi_modeli-opel","7":"arac_markasi_modeli-vectra-b","8":"product_brand-maher","9":"product_cat-sensor-ve-elektrik-urunleri","10":"product_tag-altay","12":"first","13":"instock","14":"taxable","15":"shipping-taxable","16":"purchasable","17":"product-type-simple"},"jetpack_sharing_enabled":true,"_links":{"self":[{"href":"https:\/\/ozince.com\/magaza\/wp-json\/wp\/v2\/product\/10182","targetHints":{"allow":["GET"]}}],"collection":[{"href":"https:\/\/ozince.com\/magaza\/wp-json\/wp\/v2\/product"}],"about":[{"href":"https:\/\/ozince.com\/magaza\/wp-json\/wp\/v2\/types\/product"}],"wp:featuredmedia":[{"embeddable":true,"href":"https:\/\/ozince.com\/magaza\/wp-json\/wp\/v2\/media\/12661"}],"wp:attachment":[{"href":"https:\/\/ozince.com\/magaza\/wp-json\/wp\/v2\/media?parent=10182"}],"wp:term":[{"taxonomy":"product_brand","embeddable":true,"href":"https:\/\/ozince.com\/magaza\/wp-json\/wp\/v2\/product_brand?post=10182"},{"taxonomy":"product_cat","embeddable":true,"href":"https:\/\/ozince.com\/magaza\/wp-json\/wp\/v2\/product_cat?post=10182"},{"taxonomy":"product_tag","embeddable":true,"href":"https:\/\/ozince.com\/magaza\/wp-json\/wp\/v2\/product_tag?post=10182"}],"curies":[{"name":"wp","href":"https:\/\/api.w.org\/{rel}","templated":true}]}}