{"id":10179,"date":"2026-04-08T08:14:56","date_gmt":"2026-04-08T05:14:56","guid":{"rendered":"https:\/\/ozince.com\/magaza\/kategorilenmemis\/mhr-24494-musur-fan-astra-f-vectra-a-b-corsa-b-omega-b-94-02-95-100-c-2-oval-2-fisli\/"},"modified":"2026-04-08T08:14:56","modified_gmt":"2026-04-08T05:14:56","slug":"fae-37280-musur-fan-astra-f-vectra-a-b-corsa-b-omega-b-94-02-95-100-c-2-oval-2-fisli","status":"publish","type":"product","link":"https:\/\/ozince.com\/magaza\/sensor-ve-elektrik-urunleri\/fae-37280-musur-fan-astra-f-vectra-a-b-corsa-b-omega-b-94-02-95-100-c-2-oval-2-fisli\/","title":{"rendered":"FAE-37280 M\u00dc\u015e\u00dcR FAN ASTRA F \/ VECTRA A-B \/ CORSA B \/ OMEGA B 94-02 95-100 \u00b0C 2 OVAL 2 FISLI"},"content":{"rendered":"","protected":false},"excerpt":{"rendered":"","protected":false},"featured_media":15090,"template":"","meta":[],"product_brand":[428],"product_cat":[374],"product_tag":[378],"class_list":{"0":"post-10179","1":"product","2":"type-product","3":"status-publish","4":"has-post-thumbnail","6":"arac_markasi_modeli-astra-f","7":"arac_markasi_modeli-corsa-b","8":"arac_markasi_modeli-omega-b","9":"arac_markasi_modeli-opel","10":"arac_markasi_modeli-vectra-a","11":"product_brand-fae","12":"product_cat-sensor-ve-elektrik-urunleri","13":"product_tag-altay","15":"first","16":"outofstock","17":"taxable","18":"shipping-taxable","19":"purchasable","20":"product-type-simple"},"jetpack_sharing_enabled":true,"_links":{"self":[{"href":"https:\/\/ozince.com\/magaza\/wp-json\/wp\/v2\/product\/10179","targetHints":{"allow":["GET"]}}],"collection":[{"href":"https:\/\/ozince.com\/magaza\/wp-json\/wp\/v2\/product"}],"about":[{"href":"https:\/\/ozince.com\/magaza\/wp-json\/wp\/v2\/types\/product"}],"wp:featuredmedia":[{"embeddable":true,"href":"https:\/\/ozince.com\/magaza\/wp-json\/wp\/v2\/media\/15090"}],"wp:attachment":[{"href":"https:\/\/ozince.com\/magaza\/wp-json\/wp\/v2\/media?parent=10179"}],"wp:term":[{"taxonomy":"product_brand","embeddable":true,"href":"https:\/\/ozince.com\/magaza\/wp-json\/wp\/v2\/product_brand?post=10179"},{"taxonomy":"product_cat","embeddable":true,"href":"https:\/\/ozince.com\/magaza\/wp-json\/wp\/v2\/product_cat?post=10179"},{"taxonomy":"product_tag","embeddable":true,"href":"https:\/\/ozince.com\/magaza\/wp-json\/wp\/v2\/product_tag?post=10179"}],"curies":[{"name":"wp","href":"https:\/\/api.w.org\/{rel}","templated":true}]}}