{"id":10166,"date":"2026-03-05T08:00:21","date_gmt":"2026-03-05T05:00:21","guid":{"rendered":"https:\/\/ozince.com\/magaza\/kategorilenmemis\/mhr-00371-fren-balata-fiat-doblo-10-doblo-maxi-10-opel-combo-d-12-cift-fisli-215mm-on\/"},"modified":"2026-03-05T08:00:22","modified_gmt":"2026-03-05T05:00:22","slug":"mhr-00371-fren-balata-fiat-doblo-10-doblo-maxi-10-opel-combo-d-12-cift-fisli-215mm-on","status":"publish","type":"product","link":"https:\/\/ozince.com\/magaza\/fren-sistemi-urunleri\/mhr-00371-fren-balata-fiat-doblo-10-doblo-maxi-10-opel-combo-d-12-cift-fisli-215mm-on\/","title":{"rendered":"MHR-00371 FREN BALATA FIAT DOBLO 10= \/ DOBLO MAXI 10= \/ OPEL COMBO D 12= (\u00c7\u0130FT F\u0130\u015eL\u0130 215mm) \u00d6N"},"content":{"rendered":"","protected":false},"excerpt":{"rendered":"","protected":false},"featured_media":12675,"template":"","meta":[],"product_brand":[288],"product_cat":[257],"product_tag":[378],"class_list":{"0":"post-10166","1":"product","2":"type-product","3":"status-publish","4":"has-post-thumbnail","6":"arac_markasi_modeli-combo-d","7":"arac_markasi_modeli-opel","8":"product_brand-maher","9":"product_cat-fren-sistemi-urunleri","10":"product_tag-altay","12":"first","13":"instock","14":"taxable","15":"shipping-taxable","16":"purchasable","17":"product-type-simple"},"jetpack_sharing_enabled":true,"_links":{"self":[{"href":"https:\/\/ozince.com\/magaza\/wp-json\/wp\/v2\/product\/10166","targetHints":{"allow":["GET"]}}],"collection":[{"href":"https:\/\/ozince.com\/magaza\/wp-json\/wp\/v2\/product"}],"about":[{"href":"https:\/\/ozince.com\/magaza\/wp-json\/wp\/v2\/types\/product"}],"wp:featuredmedia":[{"embeddable":true,"href":"https:\/\/ozince.com\/magaza\/wp-json\/wp\/v2\/media\/12675"}],"wp:attachment":[{"href":"https:\/\/ozince.com\/magaza\/wp-json\/wp\/v2\/media?parent=10166"}],"wp:term":[{"taxonomy":"product_brand","embeddable":true,"href":"https:\/\/ozince.com\/magaza\/wp-json\/wp\/v2\/product_brand?post=10166"},{"taxonomy":"product_cat","embeddable":true,"href":"https:\/\/ozince.com\/magaza\/wp-json\/wp\/v2\/product_cat?post=10166"},{"taxonomy":"product_tag","embeddable":true,"href":"https:\/\/ozince.com\/magaza\/wp-json\/wp\/v2\/product_tag?post=10166"}],"curies":[{"name":"wp","href":"https:\/\/api.w.org\/{rel}","templated":true}]}}