{"id":10165,"date":"2026-04-13T08:02:46","date_gmt":"2026-04-13T05:02:46","guid":{"rendered":"https:\/\/ozince.com\/magaza\/kategorilenmemis\/mhr-00636-silindir-kapagi-astra-h-vectra-c-insignia-astra-j-a16let-z16let\/"},"modified":"2026-04-13T08:02:47","modified_gmt":"2026-04-13T05:02:47","slug":"mhr-00636-silindir-kapagi-astra-h-vectra-c-insignia-astra-j-a16let-z16let","status":"publish","type":"product","link":"https:\/\/ozince.com\/magaza\/motor-mekanik-urunleri\/mhr-00636-silindir-kapagi-astra-h-vectra-c-insignia-astra-j-a16let-z16let\/","title":{"rendered":"MHR-00636 S\u0130L\u0130ND\u0130R KAPA\u011eI ASTRA H \/ VECTRA C \/ INSIGNIA \/ ASTRA J A16LET-Z16LET"},"content":{"rendered":"","protected":false},"excerpt":{"rendered":"","protected":false},"featured_media":12685,"template":"","meta":[],"product_brand":[288],"product_cat":[298],"product_tag":[378],"class_list":{"0":"post-10165","1":"product","2":"type-product","3":"status-publish","4":"has-post-thumbnail","6":"arac_markasi_modeli-astra-h","7":"arac_markasi_modeli-astra-j","8":"arac_markasi_modeli-opel","9":"arac_markasi_modeli-vectra-c","10":"product_brand-maher","11":"product_cat-motor-mekanik-urunleri","12":"product_tag-altay","14":"first","15":"instock","16":"taxable","17":"shipping-taxable","18":"purchasable","19":"product-type-simple"},"jetpack_sharing_enabled":true,"_links":{"self":[{"href":"https:\/\/ozince.com\/magaza\/wp-json\/wp\/v2\/product\/10165","targetHints":{"allow":["GET"]}}],"collection":[{"href":"https:\/\/ozince.com\/magaza\/wp-json\/wp\/v2\/product"}],"about":[{"href":"https:\/\/ozince.com\/magaza\/wp-json\/wp\/v2\/types\/product"}],"wp:featuredmedia":[{"embeddable":true,"href":"https:\/\/ozince.com\/magaza\/wp-json\/wp\/v2\/media\/12685"}],"wp:attachment":[{"href":"https:\/\/ozince.com\/magaza\/wp-json\/wp\/v2\/media?parent=10165"}],"wp:term":[{"taxonomy":"product_brand","embeddable":true,"href":"https:\/\/ozince.com\/magaza\/wp-json\/wp\/v2\/product_brand?post=10165"},{"taxonomy":"product_cat","embeddable":true,"href":"https:\/\/ozince.com\/magaza\/wp-json\/wp\/v2\/product_cat?post=10165"},{"taxonomy":"product_tag","embeddable":true,"href":"https:\/\/ozince.com\/magaza\/wp-json\/wp\/v2\/product_tag?post=10165"}],"curies":[{"name":"wp","href":"https:\/\/api.w.org\/{rel}","templated":true}]}}