{"id":10160,"date":"2025-10-14T13:51:13","date_gmt":"2025-10-14T10:51:13","guid":{"rendered":"https:\/\/ozince.com\/magaza\/kategorilenmemis\/mhr-17998-aks-kafasi-dis-vectra-a-88-95-astra-f-91-98-absli-29-dis-22x22x52x1448\/"},"modified":"2025-10-31T12:43:24","modified_gmt":"2025-10-31T09:43:24","slug":"mhr-17998-aks-kafasi-dis-vectra-a-88-95-astra-f-91-98-absli-29-dis-22x22x52x1448","status":"publish","type":"product","link":"https:\/\/ozince.com\/magaza\/aks-urunleri\/mhr-17998-aks-kafasi-dis-vectra-a-88-95-astra-f-91-98-absli-29-dis-22x22x52x1448\/","title":{"rendered":"MHR-17998 AKS KAFASI DI\u015e VECTRA A    88-95 \/ ASTRA F 91-98 \/ ABSL\u0130 29 D\u0130\u015e 22X22X52X144,8"},"content":{"rendered":"","protected":false},"excerpt":{"rendered":"","protected":false},"featured_media":12674,"template":"","meta":[],"product_brand":[288],"product_cat":[379],"product_tag":[378],"class_list":{"0":"post-10160","1":"product","2":"type-product","3":"status-publish","4":"has-post-thumbnail","6":"arac_markasi_modeli-astra-f","7":"arac_markasi_modeli-opel","8":"arac_markasi_modeli-vectra-a","9":"product_brand-maher","10":"product_cat-aks-urunleri","11":"product_tag-altay","13":"first","14":"instock","15":"taxable","16":"shipping-taxable","17":"purchasable","18":"product-type-simple"},"jetpack_sharing_enabled":true,"_links":{"self":[{"href":"https:\/\/ozince.com\/magaza\/wp-json\/wp\/v2\/product\/10160","targetHints":{"allow":["GET"]}}],"collection":[{"href":"https:\/\/ozince.com\/magaza\/wp-json\/wp\/v2\/product"}],"about":[{"href":"https:\/\/ozince.com\/magaza\/wp-json\/wp\/v2\/types\/product"}],"wp:featuredmedia":[{"embeddable":true,"href":"https:\/\/ozince.com\/magaza\/wp-json\/wp\/v2\/media\/12674"}],"wp:attachment":[{"href":"https:\/\/ozince.com\/magaza\/wp-json\/wp\/v2\/media?parent=10160"}],"wp:term":[{"taxonomy":"product_brand","embeddable":true,"href":"https:\/\/ozince.com\/magaza\/wp-json\/wp\/v2\/product_brand?post=10160"},{"taxonomy":"product_cat","embeddable":true,"href":"https:\/\/ozince.com\/magaza\/wp-json\/wp\/v2\/product_cat?post=10160"},{"taxonomy":"product_tag","embeddable":true,"href":"https:\/\/ozince.com\/magaza\/wp-json\/wp\/v2\/product_tag?post=10160"}],"curies":[{"name":"wp","href":"https:\/\/api.w.org\/{rel}","templated":true}]}}