{"id":10156,"date":"2026-05-02T08:00:26","date_gmt":"2026-05-02T05:00:26","guid":{"rendered":"https:\/\/ozince.com\/magaza\/kategorilenmemis\/mhr-17989-aks-kafasi-dis-corsa-b-93-00-corsa-c-00-06-combo-b-94-01-ince-freze-absli-29-dis-22x28x52x156\/"},"modified":"2026-05-02T08:00:27","modified_gmt":"2026-05-02T05:00:27","slug":"mhr-17989-aks-kafasi-dis-corsa-b-93-00-corsa-c-00-06-combo-b-94-01-ince-freze-absli-29-dis-22x28x52x156","status":"publish","type":"product","link":"https:\/\/ozince.com\/magaza\/aks-urunleri\/mhr-17989-aks-kafasi-dis-corsa-b-93-00-corsa-c-00-06-combo-b-94-01-ince-freze-absli-29-dis-22x28x52x156\/","title":{"rendered":"MHR-17989 AKS KAFASI DI\u015e CORSA B  93-00 \/ CORSA C 00-06 \/ COMBO B 94-01 \/ \u0130NCE FREZE ABSL\u0130 29 D\u0130\u015e 22X28X52X156"},"content":{"rendered":"","protected":false},"excerpt":{"rendered":"","protected":false},"featured_media":12669,"template":"","meta":[],"product_brand":[288],"product_cat":[379],"product_tag":[378],"class_list":{"0":"post-10156","1":"product","2":"type-product","3":"status-publish","4":"has-post-thumbnail","6":"arac_markasi_modeli-corsa-b","7":"arac_markasi_modeli-corsa-c","8":"arac_markasi_modeli-opel","9":"product_brand-maher","10":"product_cat-aks-urunleri","11":"product_tag-altay","13":"first","14":"instock","15":"taxable","16":"shipping-taxable","17":"purchasable","18":"product-type-simple"},"jetpack_sharing_enabled":true,"_links":{"self":[{"href":"https:\/\/ozince.com\/magaza\/wp-json\/wp\/v2\/product\/10156","targetHints":{"allow":["GET"]}}],"collection":[{"href":"https:\/\/ozince.com\/magaza\/wp-json\/wp\/v2\/product"}],"about":[{"href":"https:\/\/ozince.com\/magaza\/wp-json\/wp\/v2\/types\/product"}],"wp:featuredmedia":[{"embeddable":true,"href":"https:\/\/ozince.com\/magaza\/wp-json\/wp\/v2\/media\/12669"}],"wp:attachment":[{"href":"https:\/\/ozince.com\/magaza\/wp-json\/wp\/v2\/media?parent=10156"}],"wp:term":[{"taxonomy":"product_brand","embeddable":true,"href":"https:\/\/ozince.com\/magaza\/wp-json\/wp\/v2\/product_brand?post=10156"},{"taxonomy":"product_cat","embeddable":true,"href":"https:\/\/ozince.com\/magaza\/wp-json\/wp\/v2\/product_cat?post=10156"},{"taxonomy":"product_tag","embeddable":true,"href":"https:\/\/ozince.com\/magaza\/wp-json\/wp\/v2\/product_tag?post=10156"}],"curies":[{"name":"wp","href":"https:\/\/api.w.org\/{rel}","templated":true}]}}