{"id":10151,"date":"2026-04-30T08:02:14","date_gmt":"2026-04-30T05:02:14","guid":{"rendered":"https:\/\/ozince.com\/magaza\/kategorilenmemis\/mhr-32266-kapi-gergisi-meriva-a-03-10-arka\/"},"modified":"2026-04-30T08:02:15","modified_gmt":"2026-04-30T05:02:15","slug":"mhr-32266-kapi-gergisi-meriva-a-03-10-arka","status":"publish","type":"product","link":"https:\/\/ozince.com\/magaza\/karoseri-ve-kaporta-urunleri\/mhr-32266-kapi-gergisi-meriva-a-03-10-arka\/","title":{"rendered":"MHR-32266 KAPI GERG\u0130S\u0130 MER\u0130VA A 03-10 ARKA"},"content":{"rendered":"","protected":false},"excerpt":{"rendered":"","protected":false},"featured_media":12108,"template":"","meta":[],"product_brand":[288],"product_cat":[351],"product_tag":[378],"class_list":{"0":"post-10151","1":"product","2":"type-product","3":"status-publish","4":"has-post-thumbnail","6":"arac_markasi_modeli-meriva","7":"arac_markasi_modeli-meriva-a","8":"arac_markasi_modeli-opel","9":"product_brand-maher","10":"product_cat-karoseri-ve-kaporta-urunleri","11":"product_tag-altay","13":"first","14":"instock","15":"taxable","16":"shipping-taxable","17":"purchasable","18":"product-type-simple"},"jetpack_sharing_enabled":true,"_links":{"self":[{"href":"https:\/\/ozince.com\/magaza\/wp-json\/wp\/v2\/product\/10151","targetHints":{"allow":["GET"]}}],"collection":[{"href":"https:\/\/ozince.com\/magaza\/wp-json\/wp\/v2\/product"}],"about":[{"href":"https:\/\/ozince.com\/magaza\/wp-json\/wp\/v2\/types\/product"}],"wp:featuredmedia":[{"embeddable":true,"href":"https:\/\/ozince.com\/magaza\/wp-json\/wp\/v2\/media\/12108"}],"wp:attachment":[{"href":"https:\/\/ozince.com\/magaza\/wp-json\/wp\/v2\/media?parent=10151"}],"wp:term":[{"taxonomy":"product_brand","embeddable":true,"href":"https:\/\/ozince.com\/magaza\/wp-json\/wp\/v2\/product_brand?post=10151"},{"taxonomy":"product_cat","embeddable":true,"href":"https:\/\/ozince.com\/magaza\/wp-json\/wp\/v2\/product_cat?post=10151"},{"taxonomy":"product_tag","embeddable":true,"href":"https:\/\/ozince.com\/magaza\/wp-json\/wp\/v2\/product_tag?post=10151"}],"curies":[{"name":"wp","href":"https:\/\/api.w.org\/{rel}","templated":true}]}}