{"id":10139,"date":"2026-03-04T08:02:45","date_gmt":"2026-03-04T05:02:45","guid":{"rendered":"https:\/\/ozince.com\/magaza\/kategorilenmemis\/mhr-30800-silindir-kapagi-corsa-e-astra-15-egea-doblo-fiorino-500-1-3jtd-1-3cdti-euro-6\/"},"modified":"2026-03-04T08:02:46","modified_gmt":"2026-03-04T05:02:46","slug":"mhr-30800-silindir-kapagi-corsa-e-astra-15-egea-doblo-fiorino-500-1-3jtd-1-3cdti-euro-6","status":"publish","type":"product","link":"https:\/\/ozince.com\/magaza\/motor-mekanik-urunleri\/mhr-30800-silindir-kapagi-corsa-e-astra-15-egea-doblo-fiorino-500-1-3jtd-1-3cdti-euro-6\/","title":{"rendered":"MHR-30800 S\u0130L\u0130ND\u0130R KAPA\u011eI CORSA E \/ ASTRA 15= \/ EGEA \/ DOBLO \/ FIORINO \/ 500 \/  1.3JTD-1.3CDTI EURO 6"},"content":{"rendered":"","protected":false},"excerpt":{"rendered":"","protected":false},"featured_media":12154,"template":"","meta":[],"product_brand":[288],"product_cat":[298],"product_tag":[378],"class_list":{"0":"post-10139","1":"product","2":"type-product","3":"status-publish","4":"has-post-thumbnail","6":"arac_markasi_modeli-corsa-e","7":"arac_markasi_modeli-opel","8":"product_brand-maher","9":"product_cat-motor-mekanik-urunleri","10":"product_tag-altay","12":"first","13":"instock","14":"taxable","15":"shipping-taxable","16":"purchasable","17":"product-type-simple"},"jetpack_sharing_enabled":true,"_links":{"self":[{"href":"https:\/\/ozince.com\/magaza\/wp-json\/wp\/v2\/product\/10139","targetHints":{"allow":["GET"]}}],"collection":[{"href":"https:\/\/ozince.com\/magaza\/wp-json\/wp\/v2\/product"}],"about":[{"href":"https:\/\/ozince.com\/magaza\/wp-json\/wp\/v2\/types\/product"}],"wp:featuredmedia":[{"embeddable":true,"href":"https:\/\/ozince.com\/magaza\/wp-json\/wp\/v2\/media\/12154"}],"wp:attachment":[{"href":"https:\/\/ozince.com\/magaza\/wp-json\/wp\/v2\/media?parent=10139"}],"wp:term":[{"taxonomy":"product_brand","embeddable":true,"href":"https:\/\/ozince.com\/magaza\/wp-json\/wp\/v2\/product_brand?post=10139"},{"taxonomy":"product_cat","embeddable":true,"href":"https:\/\/ozince.com\/magaza\/wp-json\/wp\/v2\/product_cat?post=10139"},{"taxonomy":"product_tag","embeddable":true,"href":"https:\/\/ozince.com\/magaza\/wp-json\/wp\/v2\/product_tag?post=10139"}],"curies":[{"name":"wp","href":"https:\/\/api.w.org\/{rel}","templated":true}]}}