{"id":10115,"date":"2026-04-12T08:01:03","date_gmt":"2026-04-12T05:01:03","guid":{"rendered":"https:\/\/ozince.com\/magaza\/kategorilenmemis\/mhr-00628-silindir-kapagi-astra-f-corsa-aveo-lacetti-c16ne\/"},"modified":"2026-04-12T08:01:04","modified_gmt":"2026-04-12T05:01:04","slug":"mhr-00628-silindir-kapagi-astra-f-corsa-aveo-lacetti-c16ne","status":"publish","type":"product","link":"https:\/\/ozince.com\/magaza\/motor-mekanik-urunleri\/mhr-00628-silindir-kapagi-astra-f-corsa-aveo-lacetti-c16ne\/","title":{"rendered":"MHR-00628 S\u0130L\u0130ND\u0130R KAPA\u011eI ASTRA F \/ CORSA \/ AVEO \/ LACETTI C16NE"},"content":{"rendered":"","protected":false},"excerpt":{"rendered":"","protected":false},"featured_media":15351,"template":"","meta":[],"product_brand":[288],"product_cat":[298],"product_tag":[378],"class_list":{"0":"post-10115","1":"product","2":"type-product","3":"status-publish","4":"has-post-thumbnail","6":"arac_markasi_modeli-astra-f","7":"arac_markasi_modeli-opel","8":"product_brand-maher","9":"product_cat-motor-mekanik-urunleri","10":"product_tag-altay","12":"first","13":"instock","14":"taxable","15":"shipping-taxable","16":"purchasable","17":"product-type-simple"},"jetpack_sharing_enabled":true,"_links":{"self":[{"href":"https:\/\/ozince.com\/magaza\/wp-json\/wp\/v2\/product\/10115","targetHints":{"allow":["GET"]}}],"collection":[{"href":"https:\/\/ozince.com\/magaza\/wp-json\/wp\/v2\/product"}],"about":[{"href":"https:\/\/ozince.com\/magaza\/wp-json\/wp\/v2\/types\/product"}],"wp:featuredmedia":[{"embeddable":true,"href":"https:\/\/ozince.com\/magaza\/wp-json\/wp\/v2\/media\/15351"}],"wp:attachment":[{"href":"https:\/\/ozince.com\/magaza\/wp-json\/wp\/v2\/media?parent=10115"}],"wp:term":[{"taxonomy":"product_brand","embeddable":true,"href":"https:\/\/ozince.com\/magaza\/wp-json\/wp\/v2\/product_brand?post=10115"},{"taxonomy":"product_cat","embeddable":true,"href":"https:\/\/ozince.com\/magaza\/wp-json\/wp\/v2\/product_cat?post=10115"},{"taxonomy":"product_tag","embeddable":true,"href":"https:\/\/ozince.com\/magaza\/wp-json\/wp\/v2\/product_tag?post=10115"}],"curies":[{"name":"wp","href":"https:\/\/api.w.org\/{rel}","templated":true}]}}