{"id":10112,"date":"2026-04-06T08:22:39","date_gmt":"2026-04-06T05:22:39","guid":{"rendered":"https:\/\/ozince.com\/magaza\/kategorilenmemis\/sac-317499-amortisor-astra-k-15gazli-on-sol\/"},"modified":"2026-04-06T08:22:40","modified_gmt":"2026-04-06T05:22:40","slug":"sac-317499-amortisor-astra-k-15gazli-on-sol","status":"publish","type":"product","link":"https:\/\/ozince.com\/magaza\/alt-takim-urunleri\/sac-317499-amortisor-astra-k-15gazli-on-sol\/","title":{"rendered":"SAC-317499 AMORT\u0130S\u00d6R ASTRA K 15=GAZLI \u00d6N SOL"},"content":{"rendered":"","protected":false},"excerpt":{"rendered":"","protected":false},"featured_media":0,"template":"","meta":[],"product_brand":[349],"product_cat":[382],"product_tag":[378],"class_list":{"0":"post-10112","1":"product","2":"type-product","3":"status-publish","5":"arac_markasi_modeli-astra-k","6":"arac_markasi_modeli-opel","7":"product_brand-sachs","8":"product_cat-alt-takim-urunleri","9":"product_tag-altay","11":"first","12":"outofstock","13":"taxable","14":"shipping-taxable","15":"purchasable","16":"product-type-simple"},"jetpack_sharing_enabled":true,"_links":{"self":[{"href":"https:\/\/ozince.com\/magaza\/wp-json\/wp\/v2\/product\/10112","targetHints":{"allow":["GET"]}}],"collection":[{"href":"https:\/\/ozince.com\/magaza\/wp-json\/wp\/v2\/product"}],"about":[{"href":"https:\/\/ozince.com\/magaza\/wp-json\/wp\/v2\/types\/product"}],"wp:attachment":[{"href":"https:\/\/ozince.com\/magaza\/wp-json\/wp\/v2\/media?parent=10112"}],"wp:term":[{"taxonomy":"product_brand","embeddable":true,"href":"https:\/\/ozince.com\/magaza\/wp-json\/wp\/v2\/product_brand?post=10112"},{"taxonomy":"product_cat","embeddable":true,"href":"https:\/\/ozince.com\/magaza\/wp-json\/wp\/v2\/product_cat?post=10112"},{"taxonomy":"product_tag","embeddable":true,"href":"https:\/\/ozince.com\/magaza\/wp-json\/wp\/v2\/product_tag?post=10112"}],"curies":[{"name":"wp","href":"https:\/\/api.w.org\/{rel}","templated":true}]}}