{"id":10086,"date":"2026-04-10T08:13:03","date_gmt":"2026-04-10T05:13:03","guid":{"rendered":"https:\/\/ozince.com\/magaza\/kategorilenmemis\/gates-t39288-vantilator-gergisi-astra-j-antara-insignia-a20nht-a20nft\/"},"modified":"2026-04-10T08:13:04","modified_gmt":"2026-04-10T05:13:04","slug":"gates-t39288-vantilator-gergisi-astra-j-antara-insignia-a20nht-a20nft","status":"publish","type":"product","link":"https:\/\/ozince.com\/magaza\/motor-mekanik-urunleri\/gates-t39288-vantilator-gergisi-astra-j-antara-insignia-a20nht-a20nft\/","title":{"rendered":"GATES-T39288 VANT\u0130LAT\u00d6R GERG\u0130S\u0130 ASTRA J \/ ANTARA \/ INSIGNIA A20NHT-A20NFT"},"content":{"rendered":"","protected":false},"excerpt":{"rendered":"","protected":false},"featured_media":13630,"template":"","meta":[],"product_brand":[299],"product_cat":[298],"product_tag":[378],"class_list":{"0":"post-10086","1":"product","2":"type-product","3":"status-publish","4":"has-post-thumbnail","6":"arac_markasi_modeli-astra-j","7":"arac_markasi_modeli-insignia-a","8":"arac_markasi_modeli-opel","9":"product_brand-gates","10":"product_cat-motor-mekanik-urunleri","11":"product_tag-altay","13":"first","14":"instock","15":"taxable","16":"shipping-taxable","17":"purchasable","18":"product-type-simple"},"jetpack_sharing_enabled":true,"_links":{"self":[{"href":"https:\/\/ozince.com\/magaza\/wp-json\/wp\/v2\/product\/10086","targetHints":{"allow":["GET"]}}],"collection":[{"href":"https:\/\/ozince.com\/magaza\/wp-json\/wp\/v2\/product"}],"about":[{"href":"https:\/\/ozince.com\/magaza\/wp-json\/wp\/v2\/types\/product"}],"wp:featuredmedia":[{"embeddable":true,"href":"https:\/\/ozince.com\/magaza\/wp-json\/wp\/v2\/media\/13630"}],"wp:attachment":[{"href":"https:\/\/ozince.com\/magaza\/wp-json\/wp\/v2\/media?parent=10086"}],"wp:term":[{"taxonomy":"product_brand","embeddable":true,"href":"https:\/\/ozince.com\/magaza\/wp-json\/wp\/v2\/product_brand?post=10086"},{"taxonomy":"product_cat","embeddable":true,"href":"https:\/\/ozince.com\/magaza\/wp-json\/wp\/v2\/product_cat?post=10086"},{"taxonomy":"product_tag","embeddable":true,"href":"https:\/\/ozince.com\/magaza\/wp-json\/wp\/v2\/product_tag?post=10086"}],"curies":[{"name":"wp","href":"https:\/\/api.w.org\/{rel}","templated":true}]}}