{"id":10081,"date":"2026-05-14T08:23:37","date_gmt":"2026-05-14T05:23:37","guid":{"rendered":"https:\/\/ozince.com\/magaza\/kategorilenmemis\/elr-356-390-civata-silindir-kapak-saplamasi-lacetti-cruze-aveo-t250-f14d-f16d\/"},"modified":"2026-05-14T08:23:38","modified_gmt":"2026-05-14T05:23:38","slug":"elr-356-390-civata-silindir-kapak-saplamasi-lacetti-cruze-aveo-t250-f14d-f16d","status":"publish","type":"product","link":"https:\/\/ozince.com\/magaza\/motor-mekanik-urunleri\/elr-356-390-civata-silindir-kapak-saplamasi-lacetti-cruze-aveo-t250-f14d-f16d\/","title":{"rendered":"ELR-356.390 C\u0130VATA S\u0130L\u0130ND\u0130R KAPAK SAPLAMASI LACETT\u0130 \/ CRUZE \/ AVEO T250 F14D-F16D"},"content":{"rendered":"","protected":false},"excerpt":{"rendered":"","protected":false},"featured_media":0,"template":"","meta":[],"product_brand":[421],"product_cat":[298],"product_tag":[378],"class_list":{"0":"post-10081","1":"product","2":"type-product","3":"status-publish","5":"arac_markasi_modeli-aveo","6":"arac_markasi_modeli-chevrolet","7":"arac_markasi_modeli-cruze","8":"arac_markasi_modeli-lacetti","9":"product_brand-elring","10":"product_cat-motor-mekanik-urunleri","11":"product_tag-altay","13":"first","14":"outofstock","15":"taxable","16":"shipping-taxable","17":"purchasable","18":"product-type-simple"},"jetpack_sharing_enabled":true,"_links":{"self":[{"href":"https:\/\/ozince.com\/magaza\/wp-json\/wp\/v2\/product\/10081","targetHints":{"allow":["GET"]}}],"collection":[{"href":"https:\/\/ozince.com\/magaza\/wp-json\/wp\/v2\/product"}],"about":[{"href":"https:\/\/ozince.com\/magaza\/wp-json\/wp\/v2\/types\/product"}],"wp:attachment":[{"href":"https:\/\/ozince.com\/magaza\/wp-json\/wp\/v2\/media?parent=10081"}],"wp:term":[{"taxonomy":"product_brand","embeddable":true,"href":"https:\/\/ozince.com\/magaza\/wp-json\/wp\/v2\/product_brand?post=10081"},{"taxonomy":"product_cat","embeddable":true,"href":"https:\/\/ozince.com\/magaza\/wp-json\/wp\/v2\/product_cat?post=10081"},{"taxonomy":"product_tag","embeddable":true,"href":"https:\/\/ozince.com\/magaza\/wp-json\/wp\/v2\/product_tag?post=10081"}],"curies":[{"name":"wp","href":"https:\/\/api.w.org\/{rel}","templated":true}]}}