{"id":10049,"date":"2026-04-05T08:16:31","date_gmt":"2026-04-05T05:16:31","guid":{"rendered":"https:\/\/ozince.com\/magaza\/kategorilenmemis\/tpr-205942001-sensor-klima-basinc-astra-f-corsa-b-vectra-a-91-01\/"},"modified":"2026-04-05T08:16:32","modified_gmt":"2026-04-05T05:16:32","slug":"tpr-205942001-sensor-klima-basinc-astra-f-corsa-b-vectra-a-91-01","status":"publish","type":"product","link":"https:\/\/ozince.com\/magaza\/sensor-ve-elektrik-urunleri\/tpr-205942001-sensor-klima-basinc-astra-f-corsa-b-vectra-a-91-01\/","title":{"rendered":"TPR-205942001 SENS\u00d6R KL\u0130MA BASIN\u00c7 ASTRA F \/ CORSA B \/ VECTRA A 91-01"},"content":{"rendered":"","protected":false},"excerpt":{"rendered":"","protected":false},"featured_media":15616,"template":"","meta":[],"product_brand":[336],"product_cat":[374],"product_tag":[378],"class_list":{"0":"post-10049","1":"product","2":"type-product","3":"status-publish","4":"has-post-thumbnail","6":"arac_markasi_modeli-astra-f","7":"arac_markasi_modeli-corsa-b","8":"arac_markasi_modeli-opel","9":"arac_markasi_modeli-vectra-a","10":"product_brand-topran","11":"product_cat-sensor-ve-elektrik-urunleri","12":"product_tag-altay","14":"first","15":"instock","16":"taxable","17":"shipping-taxable","18":"purchasable","19":"product-type-simple"},"jetpack_sharing_enabled":true,"_links":{"self":[{"href":"https:\/\/ozince.com\/magaza\/wp-json\/wp\/v2\/product\/10049","targetHints":{"allow":["GET"]}}],"collection":[{"href":"https:\/\/ozince.com\/magaza\/wp-json\/wp\/v2\/product"}],"about":[{"href":"https:\/\/ozince.com\/magaza\/wp-json\/wp\/v2\/types\/product"}],"wp:featuredmedia":[{"embeddable":true,"href":"https:\/\/ozince.com\/magaza\/wp-json\/wp\/v2\/media\/15616"}],"wp:attachment":[{"href":"https:\/\/ozince.com\/magaza\/wp-json\/wp\/v2\/media?parent=10049"}],"wp:term":[{"taxonomy":"product_brand","embeddable":true,"href":"https:\/\/ozince.com\/magaza\/wp-json\/wp\/v2\/product_brand?post=10049"},{"taxonomy":"product_cat","embeddable":true,"href":"https:\/\/ozince.com\/magaza\/wp-json\/wp\/v2\/product_cat?post=10049"},{"taxonomy":"product_tag","embeddable":true,"href":"https:\/\/ozince.com\/magaza\/wp-json\/wp\/v2\/product_tag?post=10049"}],"curies":[{"name":"wp","href":"https:\/\/api.w.org\/{rel}","templated":true}]}}