{"id":10046,"date":"2026-04-28T08:13:31","date_gmt":"2026-04-28T05:13:31","guid":{"rendered":"https:\/\/ozince.com\/magaza\/kategorilenmemis\/sac-317496-amortisor-corsa-e-14-18-gazli-on-sag\/"},"modified":"2026-04-28T08:13:31","modified_gmt":"2026-04-28T05:13:31","slug":"sac-317496-amortisor-corsa-e-14-18-gazli-on-sag","status":"publish","type":"product","link":"https:\/\/ozince.com\/magaza\/alt-takim-urunleri\/sac-317496-amortisor-corsa-e-14-18-gazli-on-sag\/","title":{"rendered":"SAC-317496 AMORT\u0130S\u00d6R CORSA E 14-18 GAZLI \u00d6N SA\u011e"},"content":{"rendered":"","protected":false},"excerpt":{"rendered":"","protected":false},"featured_media":15535,"template":"","meta":[],"product_brand":[424],"product_cat":[382],"product_tag":[378],"class_list":{"0":"post-10046","1":"product","2":"type-product","3":"status-publish","4":"has-post-thumbnail","6":"arac_markasi_modeli-corsa-e","7":"arac_markasi_modeli-opel","8":"product_brand-sachs-ya","9":"product_cat-alt-takim-urunleri","10":"product_tag-altay","12":"first","13":"instock","14":"taxable","15":"shipping-taxable","16":"purchasable","17":"product-type-simple"},"jetpack_sharing_enabled":true,"_links":{"self":[{"href":"https:\/\/ozince.com\/magaza\/wp-json\/wp\/v2\/product\/10046","targetHints":{"allow":["GET"]}}],"collection":[{"href":"https:\/\/ozince.com\/magaza\/wp-json\/wp\/v2\/product"}],"about":[{"href":"https:\/\/ozince.com\/magaza\/wp-json\/wp\/v2\/types\/product"}],"wp:featuredmedia":[{"embeddable":true,"href":"https:\/\/ozince.com\/magaza\/wp-json\/wp\/v2\/media\/15535"}],"wp:attachment":[{"href":"https:\/\/ozince.com\/magaza\/wp-json\/wp\/v2\/media?parent=10046"}],"wp:term":[{"taxonomy":"product_brand","embeddable":true,"href":"https:\/\/ozince.com\/magaza\/wp-json\/wp\/v2\/product_brand?post=10046"},{"taxonomy":"product_cat","embeddable":true,"href":"https:\/\/ozince.com\/magaza\/wp-json\/wp\/v2\/product_cat?post=10046"},{"taxonomy":"product_tag","embeddable":true,"href":"https:\/\/ozince.com\/magaza\/wp-json\/wp\/v2\/product_tag?post=10046"}],"curies":[{"name":"wp","href":"https:\/\/api.w.org\/{rel}","templated":true}]}}