{"id":10029,"date":"2026-04-06T08:22:21","date_gmt":"2026-04-06T05:22:21","guid":{"rendered":"https:\/\/ozince.com\/magaza\/kategorilenmemis\/blp-adg07384-eksantrik-zincir-seti-astra-j-mokka-insignia-a-b16dth-b16dth\/"},"modified":"2026-04-06T08:22:22","modified_gmt":"2026-04-06T05:22:22","slug":"blp-adg07384-eksantrik-zincir-seti-astra-j-mokka-insignia-a-b16dth-b16dth","status":"publish","type":"product","link":"https:\/\/ozince.com\/magaza\/motor-mekanik-urunleri\/blp-adg07384-eksantrik-zincir-seti-astra-j-mokka-insignia-a-b16dth-b16dth\/","title":{"rendered":"BLP-ADG07384 EKSANTR\u0130K Z\u0130NC\u0130R SET\u0130  ASTRA J \/ MOKKA \/ INSIGNIA A B16DTH-B16DTH"},"content":{"rendered":"","protected":false},"excerpt":{"rendered":"","protected":false},"featured_media":13102,"template":"","meta":[],"product_brand":[416],"product_cat":[298],"product_tag":[378],"class_list":{"0":"post-10029","1":"product","2":"type-product","3":"status-publish","4":"has-post-thumbnail","6":"arac_markasi_modeli-astra-j","7":"arac_markasi_modeli-insignia-a","8":"arac_markasi_modeli-mokka","9":"arac_markasi_modeli-opel","10":"product_brand-blueprin","11":"product_cat-motor-mekanik-urunleri","12":"product_tag-altay","14":"first","15":"instock","16":"taxable","17":"shipping-taxable","18":"purchasable","19":"product-type-simple"},"jetpack_sharing_enabled":true,"_links":{"self":[{"href":"https:\/\/ozince.com\/magaza\/wp-json\/wp\/v2\/product\/10029","targetHints":{"allow":["GET"]}}],"collection":[{"href":"https:\/\/ozince.com\/magaza\/wp-json\/wp\/v2\/product"}],"about":[{"href":"https:\/\/ozince.com\/magaza\/wp-json\/wp\/v2\/types\/product"}],"wp:featuredmedia":[{"embeddable":true,"href":"https:\/\/ozince.com\/magaza\/wp-json\/wp\/v2\/media\/13102"}],"wp:attachment":[{"href":"https:\/\/ozince.com\/magaza\/wp-json\/wp\/v2\/media?parent=10029"}],"wp:term":[{"taxonomy":"product_brand","embeddable":true,"href":"https:\/\/ozince.com\/magaza\/wp-json\/wp\/v2\/product_brand?post=10029"},{"taxonomy":"product_cat","embeddable":true,"href":"https:\/\/ozince.com\/magaza\/wp-json\/wp\/v2\/product_cat?post=10029"},{"taxonomy":"product_tag","embeddable":true,"href":"https:\/\/ozince.com\/magaza\/wp-json\/wp\/v2\/product_tag?post=10029"}],"curies":[{"name":"wp","href":"https:\/\/api.w.org\/{rel}","templated":true}]}}