{"id":10024,"date":"2026-04-07T08:20:22","date_gmt":"2026-04-07T05:20:22","guid":{"rendered":"https:\/\/ozince.com\/magaza\/kategorilenmemis\/del-ts10468-musur-hararet-insignia-mokka-adam-aveo-zafira-b-meriva-a-b-09\/"},"modified":"2026-04-07T08:20:23","modified_gmt":"2026-04-07T05:20:23","slug":"del-ts10468-musur-hararet-insignia-mokka-adam-aveo-zafira-b-meriva-a-b-09","status":"publish","type":"product","link":"https:\/\/ozince.com\/magaza\/sensor-ve-elektrik-urunleri\/del-ts10468-musur-hararet-insignia-mokka-adam-aveo-zafira-b-meriva-a-b-09\/","title":{"rendered":"DEL-TS10468 M\u00dc\u015e\u00dcR HARARET INSIGNIA \/ MOKKA \/ ADAM \/ AVEO \/ ZAF\u0130RA B \/ MER\u0130VA A-B 09="},"content":{"rendered":"","protected":false},"excerpt":{"rendered":"","protected":false},"featured_media":15027,"template":"","meta":[],"product_brand":[236],"product_cat":[374],"product_tag":[378],"class_list":{"0":"post-10024","1":"product","2":"type-product","3":"status-publish","4":"has-post-thumbnail","6":"arac_markasi_modeli-adam","7":"arac_markasi_modeli-meriva","8":"arac_markasi_modeli-meriva-a","9":"arac_markasi_modeli-mokka","10":"arac_markasi_modeli-opel","11":"arac_markasi_modeli-zafira-b","12":"product_brand-delphi","13":"product_cat-sensor-ve-elektrik-urunleri","14":"product_tag-altay","16":"first","17":"instock","18":"taxable","19":"shipping-taxable","20":"purchasable","21":"product-type-simple"},"jetpack_sharing_enabled":true,"_links":{"self":[{"href":"https:\/\/ozince.com\/magaza\/wp-json\/wp\/v2\/product\/10024","targetHints":{"allow":["GET"]}}],"collection":[{"href":"https:\/\/ozince.com\/magaza\/wp-json\/wp\/v2\/product"}],"about":[{"href":"https:\/\/ozince.com\/magaza\/wp-json\/wp\/v2\/types\/product"}],"wp:featuredmedia":[{"embeddable":true,"href":"https:\/\/ozince.com\/magaza\/wp-json\/wp\/v2\/media\/15027"}],"wp:attachment":[{"href":"https:\/\/ozince.com\/magaza\/wp-json\/wp\/v2\/media?parent=10024"}],"wp:term":[{"taxonomy":"product_brand","embeddable":true,"href":"https:\/\/ozince.com\/magaza\/wp-json\/wp\/v2\/product_brand?post=10024"},{"taxonomy":"product_cat","embeddable":true,"href":"https:\/\/ozince.com\/magaza\/wp-json\/wp\/v2\/product_cat?post=10024"},{"taxonomy":"product_tag","embeddable":true,"href":"https:\/\/ozince.com\/magaza\/wp-json\/wp\/v2\/product_tag?post=10024"}],"curies":[{"name":"wp","href":"https:\/\/api.w.org\/{rel}","templated":true}]}}