{"id":10022,"date":"2026-04-09T08:18:10","date_gmt":"2026-04-09T05:18:10","guid":{"rendered":"https:\/\/ozince.com\/magaza\/kategorilenmemis\/hel-8eh188706-341-atesleme-bujisi-astra-j-astra-h-insignia-a-07-z16let-a16let\/"},"modified":"2026-04-09T08:18:10","modified_gmt":"2026-04-09T05:18:10","slug":"hel-8eh188706-341-atesleme-bujisi-astra-j-astra-h-insignia-a-07-z16let-a16let","status":"publish","type":"product","link":"https:\/\/ozince.com\/magaza\/sensor-ve-elektrik-urunleri\/hel-8eh188706-341-atesleme-bujisi-astra-j-astra-h-insignia-a-07-z16let-a16let\/","title":{"rendered":"HEL-8EH188706-341 ATE\u015eLEME BUJ\u0130S\u0130 ASTRA J \/ ASTRA H \/ INSIGNIA A 07= Z16LET-A16LET"},"content":{"rendered":"","protected":false},"excerpt":{"rendered":"","protected":false},"featured_media":13971,"template":"","meta":[],"product_brand":[199],"product_cat":[374],"product_tag":[378],"class_list":{"0":"post-10022","1":"product","2":"type-product","3":"status-publish","4":"has-post-thumbnail","6":"arac_markasi_modeli-astra-h","7":"arac_markasi_modeli-astra-j","8":"arac_markasi_modeli-insignia-a","9":"arac_markasi_modeli-opel","10":"product_brand-hella","11":"product_cat-sensor-ve-elektrik-urunleri","12":"product_tag-altay","14":"first","15":"instock","16":"taxable","17":"shipping-taxable","18":"purchasable","19":"product-type-simple"},"jetpack_sharing_enabled":true,"_links":{"self":[{"href":"https:\/\/ozince.com\/magaza\/wp-json\/wp\/v2\/product\/10022","targetHints":{"allow":["GET"]}}],"collection":[{"href":"https:\/\/ozince.com\/magaza\/wp-json\/wp\/v2\/product"}],"about":[{"href":"https:\/\/ozince.com\/magaza\/wp-json\/wp\/v2\/types\/product"}],"wp:featuredmedia":[{"embeddable":true,"href":"https:\/\/ozince.com\/magaza\/wp-json\/wp\/v2\/media\/13971"}],"wp:attachment":[{"href":"https:\/\/ozince.com\/magaza\/wp-json\/wp\/v2\/media?parent=10022"}],"wp:term":[{"taxonomy":"product_brand","embeddable":true,"href":"https:\/\/ozince.com\/magaza\/wp-json\/wp\/v2\/product_brand?post=10022"},{"taxonomy":"product_cat","embeddable":true,"href":"https:\/\/ozince.com\/magaza\/wp-json\/wp\/v2\/product_cat?post=10022"},{"taxonomy":"product_tag","embeddable":true,"href":"https:\/\/ozince.com\/magaza\/wp-json\/wp\/v2\/product_tag?post=10022"}],"curies":[{"name":"wp","href":"https:\/\/api.w.org\/{rel}","templated":true}]}}