{"id":10004,"date":"2026-04-15T08:17:17","date_gmt":"2026-04-15T05:17:17","guid":{"rendered":"https:\/\/ozince.com\/magaza\/kategorilenmemis\/win-0500622-hortum-enjektor-geri-donus-astra-h-1-9-cdti-04-10-combo-d-12-1-6-cdti-2-0-cdti-metal-cikis\/"},"modified":"2026-04-15T08:17:18","modified_gmt":"2026-04-15T05:17:18","slug":"win-0500622-hortum-enjektor-geri-donus-astra-h-1-9-cdti-04-10-combo-d-12-1-6-cdti-2-0-cdti-metal-cikis","status":"publish","type":"product","link":"https:\/\/ozince.com\/magaza\/motor-sogutma-ve-radyator-urunleri\/win-0500622-hortum-enjektor-geri-donus-astra-h-1-9-cdti-04-10-combo-d-12-1-6-cdti-2-0-cdti-metal-cikis\/","title":{"rendered":"WIN-0500622 HORTUM ENJEKT\u00d6R GER\u0130 D\u00d6N\u00dc\u015e ASTRA H 1.9 CDTI 04-10 \/ COMBO D 12= 1.6 CDTI-2.0 CDTI (METAL \u00c7IKI\u015e)"},"content":{"rendered":"","protected":false},"excerpt":{"rendered":"","protected":false},"featured_media":0,"template":"","meta":[],"product_brand":[423],"product_cat":[324],"product_tag":[378],"class_list":{"0":"post-10004","1":"product","2":"type-product","3":"status-publish","5":"arac_markasi_modeli-astra-h","6":"arac_markasi_modeli-combo-d","7":"arac_markasi_modeli-opel","8":"product_brand-wintech","9":"product_cat-motor-sogutma-ve-radyator-urunleri","10":"product_tag-altay","12":"first","13":"instock","14":"taxable","15":"shipping-taxable","16":"purchasable","17":"product-type-simple"},"jetpack_sharing_enabled":true,"_links":{"self":[{"href":"https:\/\/ozince.com\/magaza\/wp-json\/wp\/v2\/product\/10004","targetHints":{"allow":["GET"]}}],"collection":[{"href":"https:\/\/ozince.com\/magaza\/wp-json\/wp\/v2\/product"}],"about":[{"href":"https:\/\/ozince.com\/magaza\/wp-json\/wp\/v2\/types\/product"}],"wp:attachment":[{"href":"https:\/\/ozince.com\/magaza\/wp-json\/wp\/v2\/media?parent=10004"}],"wp:term":[{"taxonomy":"product_brand","embeddable":true,"href":"https:\/\/ozince.com\/magaza\/wp-json\/wp\/v2\/product_brand?post=10004"},{"taxonomy":"product_cat","embeddable":true,"href":"https:\/\/ozince.com\/magaza\/wp-json\/wp\/v2\/product_cat?post=10004"},{"taxonomy":"product_tag","embeddable":true,"href":"https:\/\/ozince.com\/magaza\/wp-json\/wp\/v2\/product_tag?post=10004"}],"curies":[{"name":"wp","href":"https:\/\/api.w.org\/{rel}","templated":true}]}}