{"id":10001,"date":"2026-04-06T08:22:15","date_gmt":"2026-04-06T05:22:15","guid":{"rendered":"https:\/\/ozince.com\/magaza\/kategorilenmemis\/ayd-50385xfc-fren-diski-insignia-a-08-17-arka-havali-17-jant-315-5-delikli-performans-tip\/"},"modified":"2026-04-06T08:22:15","modified_gmt":"2026-04-06T05:22:15","slug":"ayd-50385xfc-fren-diski-insignia-a-08-17-arka-havali-17-jant-315-5-delikli-performans-tip","status":"publish","type":"product","link":"https:\/\/ozince.com\/magaza\/fren-sistemi-urunleri\/ayd-50385xfc-fren-diski-insignia-a-08-17-arka-havali-17-jant-315-5-delikli-performans-tip\/","title":{"rendered":"AYD-50385XFC FREN D\u0130SK\u0130 INSIGNIA A 08-17 \/ ARKA HAVALI 17 JANT 315-5 (DEL\u0130KL\u0130 PERFORMANS T\u0130P)"},"content":{"rendered":"","protected":false},"excerpt":{"rendered":"","protected":false},"featured_media":11923,"template":"","meta":[],"product_brand":[235],"product_cat":[257],"product_tag":[378],"class_list":{"0":"post-10001","1":"product","2":"type-product","3":"status-publish","4":"has-post-thumbnail","6":"arac_markasi_modeli-insignia-a","7":"arac_markasi_modeli-opel","8":"product_brand-ayd","9":"product_cat-fren-sistemi-urunleri","10":"product_tag-altay","12":"first","13":"instock","14":"taxable","15":"shipping-taxable","16":"purchasable","17":"product-type-simple"},"jetpack_sharing_enabled":true,"_links":{"self":[{"href":"https:\/\/ozince.com\/magaza\/wp-json\/wp\/v2\/product\/10001","targetHints":{"allow":["GET"]}}],"collection":[{"href":"https:\/\/ozince.com\/magaza\/wp-json\/wp\/v2\/product"}],"about":[{"href":"https:\/\/ozince.com\/magaza\/wp-json\/wp\/v2\/types\/product"}],"wp:featuredmedia":[{"embeddable":true,"href":"https:\/\/ozince.com\/magaza\/wp-json\/wp\/v2\/media\/11923"}],"wp:attachment":[{"href":"https:\/\/ozince.com\/magaza\/wp-json\/wp\/v2\/media?parent=10001"}],"wp:term":[{"taxonomy":"product_brand","embeddable":true,"href":"https:\/\/ozince.com\/magaza\/wp-json\/wp\/v2\/product_brand?post=10001"},{"taxonomy":"product_cat","embeddable":true,"href":"https:\/\/ozince.com\/magaza\/wp-json\/wp\/v2\/product_cat?post=10001"},{"taxonomy":"product_tag","embeddable":true,"href":"https:\/\/ozince.com\/magaza\/wp-json\/wp\/v2\/product_tag?post=10001"}],"curies":[{"name":"wp","href":"https:\/\/api.w.org\/{rel}","templated":true}]}}