{"id":6252,"date":"2025-09-24T12:33:09","date_gmt":"2025-09-24T09:33:09","guid":{"rendered":"https:\/\/ozince.com\/magaza\/?page_id=6252"},"modified":"2025-09-24T12:47:06","modified_gmt":"2025-09-24T09:47:06","slug":"ds-yedek-parca","status":"publish","type":"page","link":"https:\/\/ozince.com\/magaza\/ds-yedek-parca\/","title":{"rendered":"Ds Yedek Par\u00e7a"},"content":{"rendered":"\t\t<div data-elementor-type=\"wp-page\" data-elementor-id=\"6252\" class=\"elementor elementor-6252\">\n\t\t\t\t<div class=\"elementor-element elementor-element-c16bd56 e-flex e-con-boxed e-con e-parent\" data-id=\"c16bd56\" data-element_type=\"container\">\n\t\t\t\t\t<div class=\"e-con-inner\">\n\t\t\t\t<div class=\"elementor-element elementor-element-2d4f91a elementor-widget elementor-widget-partdo-product-grid2\" data-id=\"2d4f91a\" data-element_type=\"widget\" data-widget_type=\"partdo-product-grid2.default\">\n\t\t\t\t<div class=\"elementor-widget-container\">\n\t\t\t\t\t<div class=\"klbth-module klbth-module-product-grid dumps\"><div class=\"klbth-module-body\"><div class=\"products-grid-wrapper\"><div class=\"products gutter-30  strech hover-opacity column-4 mobile-2 total-8\"><div class=\"column-item product type-product post-6231 status-publish first instock product_cat-motor-sogutma-ve-radyator-urunleri has-post-thumbnail taxable shipping-taxable purchasable product-type-simple\"><div class=\"product product-type-1\"> <div class=\"product-wrapper\"><div class=\"product-content\"><div class=\"thumbnail-wrapper entry-media\"> <a class=\"\" href=\"https:\/\/ozince.com\/magaza\/motor-sogutma-ve-radyator-urunleri\/mopar-9812113780-ds-1-5-bluehdi-termostat\/\"><img decoding=\"async\" src=\"https:\/\/ozince.com\/magaza\/wp-content\/uploads\/2025\/09\/MOPAR-9812113780-OPEL-CROSSLAND-X-ASTRA-L-1.5-BLUEHDI-TERMOSTAT.png\" alt=\"MOPAR 9812113780 DS 1.5 BLUEHD\u0130 TERMOSTAT\"><\/a><div class=\"product-buttons\">  <\/div> <\/div><div class=\"content-wrapper\"><h3 class=\"product-title\"> <a href=\"https:\/\/ozince.com\/magaza\/motor-sogutma-ve-radyator-urunleri\/mopar-9812113780-ds-1-5-bluehdi-termostat\/\">MOPAR 9812113780 DS 1.5 BLUEHD\u0130 TERMOSTAT<\/a><\/h3><span class=\"price\"><span class=\"woocommerce-Price-amount amount\"><bdi>109,27&nbsp;<span class=\"woocommerce-Price-currencySymbol\">\u20ac<\/span><\/bdi><\/span><\/span><div class=\"product-stock in-stock\"> <i class=\"klbth-icon-ecommerce-package-ready\"><\/i><span>Stokta Var<\/span><\/div><span class=\"sku_wrapper\">Stok Kodu:<span class=\"sku\">9812113780<\/span><\/span><\/div><\/div><div class=\"product-footer\"><div class=\"product-footer-inner\"> <a href=\"?add-to-cart=6231\" aria-describedby=\"woocommerce_loop_add_to_cart_link_describedby_6231\" data-quantity=\"1\" class=\"primary  button product_type_simple add_to_cart_button ajax_add_to_cart\" data-product_id=\"6231\" data-product_sku=\"9812113780\" aria-label=\"Sepete ekle: \u201cMOPAR 9812113780 DS 1.5 BLUEHD\u0130 TERMOSTAT\u201d\" rel=\"nofollow\" data-success_message=\"&quot;MOPAR 9812113780 DS 1.5 BLUEHD\u0130 TERMOSTAT&quot; sepetinize eklendi\">Sepete Ekle <i class=\"klbth-icon-shopping-bag\"><\/i><\/a>\t<span id=\"woocommerce_loop_add_to_cart_link_describedby_6231\" class=\"screen-reader-text\">\r\n\t\t\t<\/span>\r\n<\/div><\/div><\/div><div class=\"product-content-fade\"><\/div><\/div><\/div><div class=\"column-item product type-product post-6205 status-publish instock product_cat-periyodik-bakim-ve-filtre-urunleri has-post-thumbnail taxable shipping-taxable purchasable product-type-simple\"><div class=\"product product-type-1\"> <div class=\"product-wrapper\"><div class=\"product-content\"><div class=\"thumbnail-wrapper entry-media\"> <a class=\"\" href=\"https:\/\/ozince.com\/magaza\/periyodik-bakim-ve-filtre-urunleri\/motocar-7300-138-1sp-ds-ds3-ds7-1-5-bluehdi-hava-filtresi\/\"><img decoding=\"async\" src=\"https:\/\/ozince.com\/magaza\/wp-content\/uploads\/2025\/09\/MOTOCAR-7300-138-1SP-GRANDLAND-X-C-ELYSEE-1-5D-HAVA-FILTRESI.jpg\" alt=\"MOTOCAR 7300\/138 1SP DS DS3 &#8211; DS7 1.5 BLUEHD\u0130 HAVA F\u0130LTRES\u0130\"><\/a><div class=\"product-buttons\">  <\/div> <\/div><div class=\"content-wrapper\"><h3 class=\"product-title\"> <a href=\"https:\/\/ozince.com\/magaza\/periyodik-bakim-ve-filtre-urunleri\/motocar-7300-138-1sp-ds-ds3-ds7-1-5-bluehdi-hava-filtresi\/\">MOTOCAR 7300\/138 1SP DS DS3 &#8211; DS7 1.5 BLUEHD\u0130 HAVA F\u0130LTRES\u0130<\/a><\/h3><span class=\"price\"><span class=\"woocommerce-Price-amount amount\"><bdi>7,18&nbsp;<span class=\"woocommerce-Price-currencySymbol\">\u20ac<\/span><\/bdi><\/span><\/span><div class=\"product-stock in-stock\"> <i class=\"klbth-icon-ecommerce-package-ready\"><\/i><span>Stokta Var<\/span><\/div><span class=\"sku_wrapper\">Stok Kodu:<span class=\"sku\">9813908880 - 39192256<\/span><\/span><\/div><\/div><div class=\"product-footer\"><div class=\"product-footer-inner\"> <a href=\"?add-to-cart=6205\" aria-describedby=\"woocommerce_loop_add_to_cart_link_describedby_6205\" data-quantity=\"1\" class=\"primary  button product_type_simple add_to_cart_button ajax_add_to_cart\" data-product_id=\"6205\" data-product_sku=\"9813908880 - 39192256\" aria-label=\"Sepete ekle: \u201cMOTOCAR 7300\/138 1SP DS DS3 - DS7 1.5 BLUEHD\u0130 HAVA F\u0130LTRES\u0130\u201d\" rel=\"nofollow\" data-success_message=\"&quot;MOTOCAR 7300\/138 1SP DS DS3 - DS7 1.5 BLUEHD\u0130 HAVA F\u0130LTRES\u0130&quot; sepetinize eklendi\">Sepete Ekle <i class=\"klbth-icon-shopping-bag\"><\/i><\/a>\t<span id=\"woocommerce_loop_add_to_cart_link_describedby_6205\" class=\"screen-reader-text\">\r\n\t\t\t<\/span>\r\n<\/div><\/div><\/div><div class=\"product-content-fade\"><\/div><\/div><\/div><div class=\"column-item product type-product post-6168 status-publish instock product_cat-periyodik-bakim-ve-filtre-urunleri has-post-thumbnail taxable shipping-taxable purchasable product-type-simple\"><div class=\"product product-type-1\"> <div class=\"product-wrapper\"><div class=\"product-content\"><div class=\"thumbnail-wrapper entry-media\"> <a class=\"\" href=\"https:\/\/ozince.com\/magaza\/periyodik-bakim-ve-filtre-urunleri\/eurorepar-1638028080-ds-1-2-puretech-hava-filtresi\/\"><img decoding=\"async\" src=\"https:\/\/ozince.com\/magaza\/wp-content\/uploads\/2025\/09\/EUROREPAR-1638028080-CORSA-F-1.2-208-308-HAVA-FILTRESI.jpg\" alt=\"EUROREPAR 1638028080 DS 1.2 PURETECH HAVA F\u0130LTRES\u0130\"><\/a><div class=\"product-buttons\">  <\/div> <\/div><div class=\"content-wrapper\"><h3 class=\"product-title\"> <a href=\"https:\/\/ozince.com\/magaza\/periyodik-bakim-ve-filtre-urunleri\/eurorepar-1638028080-ds-1-2-puretech-hava-filtresi\/\">EUROREPAR 1638028080 DS 1.2 PURETECH HAVA F\u0130LTRES\u0130<\/a><\/h3><span class=\"price\"><span class=\"woocommerce-Price-amount amount\"><bdi>9,95&nbsp;<span class=\"woocommerce-Price-currencySymbol\">\u20ac<\/span><\/bdi><\/span><\/span><div class=\"product-stock in-stock\"> <i class=\"klbth-icon-ecommerce-package-ready\"><\/i><span>Stokta Var<\/span><\/div><span class=\"sku_wrapper\">Stok Kodu:<span class=\"sku\">9805552080 - 1638028080<\/span><\/span><\/div><\/div><div class=\"product-footer\"><div class=\"product-footer-inner\"> <a href=\"?add-to-cart=6168\" aria-describedby=\"woocommerce_loop_add_to_cart_link_describedby_6168\" data-quantity=\"1\" class=\"primary  button product_type_simple add_to_cart_button ajax_add_to_cart\" data-product_id=\"6168\" data-product_sku=\"9805552080 - 1638028080\" aria-label=\"Sepete ekle: \u201cEUROREPAR 1638028080 DS 1.2 PURETECH HAVA F\u0130LTRES\u0130\u201d\" rel=\"nofollow\" data-success_message=\"&quot;EUROREPAR 1638028080 DS 1.2 PURETECH HAVA F\u0130LTRES\u0130&quot; sepetinize eklendi\">Sepete Ekle <i class=\"klbth-icon-shopping-bag\"><\/i><\/a>\t<span id=\"woocommerce_loop_add_to_cart_link_describedby_6168\" class=\"screen-reader-text\">\r\n\t\t\t<\/span>\r\n<\/div><\/div><\/div><div class=\"product-content-fade\"><\/div><\/div><\/div><div class=\"column-item product type-product post-6196 status-publish last instock product_cat-periyodik-bakim-ve-filtre-urunleri has-post-thumbnail taxable shipping-taxable purchasable product-type-simple\"><div class=\"product product-type-1\"> <div class=\"product-wrapper\"><div class=\"product-content\"><div class=\"thumbnail-wrapper entry-media\"> <a class=\"\" href=\"https:\/\/ozince.com\/magaza\/periyodik-bakim-ve-filtre-urunleri\/mopar-ds-ds3-ds7-1-5-bluehdi-hava-filtresi\/\"><img decoding=\"async\" src=\"https:\/\/ozince.com\/magaza\/wp-content\/uploads\/2025\/09\/MOPAR-OPEL-GRANDLAND-X-CROSSLAND-X-1.5-BLUEHDI-HAVA-FILTRESI.png\" alt=\"MOPAR DS DS3 &#8211; DS7 1.5 BLUEHD\u0130  HAVA F\u0130LTRES\u0130\"><\/a><div class=\"product-buttons\">  <\/div> <\/div><div class=\"content-wrapper\"><h3 class=\"product-title\"> <a href=\"https:\/\/ozince.com\/magaza\/periyodik-bakim-ve-filtre-urunleri\/mopar-ds-ds3-ds7-1-5-bluehdi-hava-filtresi\/\">MOPAR DS DS3 &#8211; DS7 1.5 BLUEHD\u0130  HAVA F\u0130LTRES\u0130<\/a><\/h3><span class=\"price\"><span class=\"woocommerce-Price-amount amount\"><bdi>11,28&nbsp;<span class=\"woocommerce-Price-currencySymbol\">\u20ac<\/span><\/bdi><\/span><\/span><div class=\"product-stock in-stock\"> <i class=\"klbth-icon-ecommerce-package-ready\"><\/i><span>Stokta Var<\/span><\/div><span class=\"sku_wrapper\">Stok Kodu:<span class=\"sku\">9813908880 - 39192256<\/span><\/span><\/div><\/div><div class=\"product-footer\"><div class=\"product-footer-inner\"> <a href=\"?add-to-cart=6196\" aria-describedby=\"woocommerce_loop_add_to_cart_link_describedby_6196\" data-quantity=\"1\" class=\"primary  button product_type_simple add_to_cart_button ajax_add_to_cart\" data-product_id=\"6196\" data-product_sku=\"9813908880 - 39192256\" aria-label=\"Sepete ekle: \u201cMOPAR DS DS3 - DS7 1.5 BLUEHD\u0130  HAVA F\u0130LTRES\u0130\u201d\" rel=\"nofollow\" data-success_message=\"&quot;MOPAR DS DS3 - DS7 1.5 BLUEHD\u0130  HAVA F\u0130LTRES\u0130&quot; sepetinize eklendi\">Sepete Ekle <i class=\"klbth-icon-shopping-bag\"><\/i><\/a>\t<span id=\"woocommerce_loop_add_to_cart_link_describedby_6196\" class=\"screen-reader-text\">\r\n\t\t\t<\/span>\r\n<\/div><\/div><\/div><div class=\"product-content-fade\"><\/div><\/div><\/div><div class=\"column-item product type-product post-6161 status-publish first instock product_cat-motor-sogutma-ve-radyator-urunleri has-post-thumbnail taxable shipping-taxable purchasable product-type-simple\"><div class=\"product product-type-1\"> <div class=\"product-wrapper\"><div class=\"product-content\"><div class=\"thumbnail-wrapper entry-media\"> <a class=\"\" href=\"https:\/\/ozince.com\/magaza\/motor-sogutma-ve-radyator-urunleri\/sagemfrans-131274-ds-1-5-bluehdi-termostat\/\"><img decoding=\"async\" src=\"https:\/\/ozince.com\/magaza\/wp-content\/uploads\/2025\/09\/SAGEMFRANS-131274-OPEL-CROSSLAND-X-ASTRA-L-1.5-BLUEHDI-TERMOSTAT.jpg\" alt=\"SAGEMFRANS 131274 DS 1.5 BLUEHD\u0130 TERMOSTAT\"><\/a><div class=\"product-buttons\">  <\/div> <\/div><div class=\"content-wrapper\"><h3 class=\"product-title\"> <a href=\"https:\/\/ozince.com\/magaza\/motor-sogutma-ve-radyator-urunleri\/sagemfrans-131274-ds-1-5-bluehdi-termostat\/\">SAGEMFRANS 131274 DS 1.5 BLUEHD\u0130 TERMOSTAT<\/a><\/h3><span class=\"price\"><span class=\"woocommerce-Price-amount amount\"><bdi>51,50&nbsp;<span class=\"woocommerce-Price-currencySymbol\">\u20ac<\/span><\/bdi><\/span><\/span><div class=\"product-stock in-stock\"> <i class=\"klbth-icon-ecommerce-package-ready\"><\/i><span>Stokta Var<\/span><\/div><span class=\"sku_wrapper\">Stok Kodu:<span class=\"sku\">9812113780<\/span><\/span><\/div><\/div><div class=\"product-footer\"><div class=\"product-footer-inner\"> <a href=\"?add-to-cart=6161\" aria-describedby=\"woocommerce_loop_add_to_cart_link_describedby_6161\" data-quantity=\"1\" class=\"primary  button product_type_simple add_to_cart_button ajax_add_to_cart\" data-product_id=\"6161\" data-product_sku=\"9812113780\" aria-label=\"Sepete ekle: \u201cSAGEMFRANS 131274 DS 1.5 BLUEHD\u0130 TERMOSTAT\u201d\" rel=\"nofollow\" data-success_message=\"&quot;SAGEMFRANS 131274 DS 1.5 BLUEHD\u0130 TERMOSTAT&quot; sepetinize eklendi\">Sepete Ekle <i class=\"klbth-icon-shopping-bag\"><\/i><\/a>\t<span id=\"woocommerce_loop_add_to_cart_link_describedby_6161\" class=\"screen-reader-text\">\r\n\t\t\t<\/span>\r\n<\/div><\/div><\/div><div class=\"product-content-fade\"><\/div><\/div><\/div><div class=\"column-item product type-product post-6109 status-publish instock product_cat-periyodik-bakim-ve-filtre-urunleri has-post-thumbnail taxable shipping-taxable purchasable product-type-simple\"><div class=\"product product-type-1\"> <div class=\"product-wrapper\"><div class=\"product-content\"><div class=\"thumbnail-wrapper entry-media\"> <a class=\"\" href=\"https:\/\/ozince.com\/magaza\/periyodik-bakim-ve-filtre-urunleri\/bosch-09864b7023-ds-1-2-puretech-yag-filtresi-1109-al\/\"><img decoding=\"async\" src=\"https:\/\/ozince.com\/magaza\/wp-content\/uploads\/2025\/09\/BOSCH-09864B7023-1109.AL-CORSA-F-1.2B-YAG-FILTRESI.jpg\" alt=\"BOSCH 09864B7023 DS 1.2 PURETECH YA\u011e F\u0130LTRES\u0130 (1109.AL)\"><\/a><div class=\"product-buttons\">  <\/div> <\/div><div class=\"content-wrapper\"><h3 class=\"product-title\"> <a href=\"https:\/\/ozince.com\/magaza\/periyodik-bakim-ve-filtre-urunleri\/bosch-09864b7023-ds-1-2-puretech-yag-filtresi-1109-al\/\">BOSCH 09864B7023 DS 1.2 PURETECH YA\u011e F\u0130LTRES\u0130 (1109.AL)<\/a><\/h3><span class=\"price\"><span class=\"woocommerce-Price-amount amount\"><bdi>4,13&nbsp;<span class=\"woocommerce-Price-currencySymbol\">\u20ac<\/span><\/bdi><\/span><\/span><div class=\"product-stock in-stock\"> <i class=\"klbth-icon-ecommerce-package-ready\"><\/i><span>Stokta Var<\/span><\/div><span class=\"sku_wrapper\">Stok Kodu:<span class=\"sku\">3647177 - 1109AL<\/span><\/span><\/div><\/div><div class=\"product-footer\"><div class=\"product-footer-inner\"> <a href=\"?add-to-cart=6109\" aria-describedby=\"woocommerce_loop_add_to_cart_link_describedby_6109\" data-quantity=\"1\" class=\"primary  button product_type_simple add_to_cart_button ajax_add_to_cart\" data-product_id=\"6109\" data-product_sku=\"3647177 - 1109AL\" aria-label=\"Sepete ekle: \u201cBOSCH 09864B7023 DS 1.2 PURETECH YA\u011e F\u0130LTRES\u0130 (1109.AL)\u201d\" rel=\"nofollow\" data-success_message=\"&quot;BOSCH 09864B7023 DS 1.2 PURETECH YA\u011e F\u0130LTRES\u0130 (1109.AL)&quot; sepetinize eklendi\">Sepete Ekle <i class=\"klbth-icon-shopping-bag\"><\/i><\/a>\t<span id=\"woocommerce_loop_add_to_cart_link_describedby_6109\" class=\"screen-reader-text\">\r\n\t\t\t<\/span>\r\n<\/div><\/div><\/div><div class=\"product-content-fade\"><\/div><\/div><\/div><div class=\"column-item product type-product post-6117 status-publish instock product_cat-periyodik-bakim-ve-filtre-urunleri has-post-thumbnail taxable shipping-taxable purchasable product-type-simple\"><div class=\"product product-type-1\"> <div class=\"product-wrapper\"><div class=\"product-content\"><div class=\"thumbnail-wrapper entry-media\"> <a class=\"\" href=\"https:\/\/ozince.com\/magaza\/periyodik-bakim-ve-filtre-urunleri\/bosch-f026407299-ds-ds3-ds7-1-5-bluehdi-yag-filtresi\/\"><img decoding=\"async\" src=\"https:\/\/ozince.com\/magaza\/wp-content\/uploads\/2025\/09\/BOSCH-F026407299-OPEL-GRANDLAND-X-CROSSLAND-X-1.5-BLUEHDI-YAG-FILTRESI.jpg\" alt=\"BOSCH F026407299 DS DS3 &#8211; DS7 1.5 BLUEHD\u0130 YA\u011e F\u0130LTRES\u0130\"><\/a><div class=\"product-buttons\">  <\/div> <\/div><div class=\"content-wrapper\"><h3 class=\"product-title\"> <a href=\"https:\/\/ozince.com\/magaza\/periyodik-bakim-ve-filtre-urunleri\/bosch-f026407299-ds-ds3-ds7-1-5-bluehdi-yag-filtresi\/\">BOSCH F026407299 DS DS3 &#8211; DS7 1.5 BLUEHD\u0130 YA\u011e F\u0130LTRES\u0130<\/a><\/h3><span class=\"price\"><span class=\"woocommerce-Price-amount amount\"><bdi>4,55&nbsp;<span class=\"woocommerce-Price-currencySymbol\">\u20ac<\/span><\/bdi><\/span><\/span><div class=\"product-stock in-stock\"> <i class=\"klbth-icon-ecommerce-package-ready\"><\/i><span>Stokta Var<\/span><\/div><span class=\"sku_wrapper\">Stok Kodu:<span class=\"sku\">1624797780<\/span><\/span><\/div><\/div><div class=\"product-footer\"><div class=\"product-footer-inner\"> <a href=\"?add-to-cart=6117\" aria-describedby=\"woocommerce_loop_add_to_cart_link_describedby_6117\" data-quantity=\"1\" class=\"primary  button product_type_simple add_to_cart_button ajax_add_to_cart\" data-product_id=\"6117\" data-product_sku=\"1624797780\" aria-label=\"Sepete ekle: \u201cBOSCH F026407299 DS DS3 - DS7 1.5 BLUEHD\u0130 YA\u011e F\u0130LTRES\u0130\u201d\" rel=\"nofollow\" data-success_message=\"&quot;BOSCH F026407299 DS DS3 - DS7 1.5 BLUEHD\u0130 YA\u011e F\u0130LTRES\u0130&quot; sepetinize eklendi\">Sepete Ekle <i class=\"klbth-icon-shopping-bag\"><\/i><\/a>\t<span id=\"woocommerce_loop_add_to_cart_link_describedby_6117\" class=\"screen-reader-text\">\r\n\t\t\t<\/span>\r\n<\/div><\/div><\/div><div class=\"product-content-fade\"><\/div><\/div><\/div><div class=\"column-item product type-product post-6124 status-publish last instock product_cat-periyodik-bakim-ve-filtre-urunleri has-post-thumbnail taxable shipping-taxable purchasable product-type-simple\"><div class=\"product product-type-1\"> <div class=\"product-wrapper\"><div class=\"product-content\"><div class=\"thumbnail-wrapper entry-media\"> <a class=\"\" href=\"https:\/\/ozince.com\/magaza\/periyodik-bakim-ve-filtre-urunleri\/eurorepar-e149134-ds-1-2-puretech-yag-filtresi-1109-al\/\"><img decoding=\"async\" src=\"https:\/\/ozince.com\/magaza\/wp-content\/uploads\/2025\/09\/EUROREPAR-E149134-1109.AL-CORSA-F-1.2B-YAG-FILTRESI.jpg\" alt=\"EUROREPAR E149134 DS 1.2 PURETECH YA\u011e F\u0130LTRES\u0130 (1109.AL)\"><\/a><div class=\"product-buttons\">  <\/div> <\/div><div class=\"content-wrapper\"><h3 class=\"product-title\"> <a href=\"https:\/\/ozince.com\/magaza\/periyodik-bakim-ve-filtre-urunleri\/eurorepar-e149134-ds-1-2-puretech-yag-filtresi-1109-al\/\">EUROREPAR E149134 DS 1.2 PURETECH YA\u011e F\u0130LTRES\u0130 (1109.AL)<\/a><\/h3><span class=\"price\"><span class=\"woocommerce-Price-amount amount\"><bdi>6,20&nbsp;<span class=\"woocommerce-Price-currencySymbol\">\u20ac<\/span><\/bdi><\/span><\/span><div class=\"product-stock in-stock\"> <i class=\"klbth-icon-ecommerce-package-ready\"><\/i><span>Stokta Var<\/span><\/div><span class=\"sku_wrapper\">Stok Kodu:<span class=\"sku\">3647177 - 1109AL<\/span><\/span><\/div><\/div><div class=\"product-footer\"><div class=\"product-footer-inner\"> <a href=\"?add-to-cart=6124\" aria-describedby=\"woocommerce_loop_add_to_cart_link_describedby_6124\" data-quantity=\"1\" class=\"primary  button product_type_simple add_to_cart_button ajax_add_to_cart\" data-product_id=\"6124\" data-product_sku=\"3647177 - 1109AL\" aria-label=\"Sepete ekle: \u201cEUROREPAR E149134 DS 1.2 PURETECH YA\u011e F\u0130LTRES\u0130 (1109.AL)\u201d\" rel=\"nofollow\" data-success_message=\"&quot;EUROREPAR E149134 DS 1.2 PURETECH YA\u011e F\u0130LTRES\u0130 (1109.AL)&quot; sepetinize eklendi\">Sepete Ekle <i class=\"klbth-icon-shopping-bag\"><\/i><\/a>\t<span id=\"woocommerce_loop_add_to_cart_link_describedby_6124\" class=\"screen-reader-text\">\r\n\t\t\t<\/span>\r\n<\/div><\/div><\/div><div class=\"product-content-fade\"><\/div><\/div><\/div><\/div><\/div><\/div><\/div>\t\t\t\t<\/div>\n\t\t\t\t<\/div>\n\t\t\t\t<div class=\"elementor-element elementor-element-e2c6952 elementor-widget elementor-widget-partdo-button\" data-id=\"e2c6952\" data-element_type=\"widget\" data-widget_type=\"partdo-button.default\">\n\t\t\t\t<div class=\"elementor-widget-container\">\n\t\t\t\t\t<div class=\"partdo-button\"><a class=\"btn partdo-btn \" href=\"https:\/\/ozince.com\/magaza\/urunler\/?arac_markasi=ds\">T\u00fcm Ds Auto Yedek Par\u00e7alar\u0131 G\u00f6r\u00fcnt\u00fcle <\/a><\/div>\t\t\t\t<\/div>\n\t\t\t\t<\/div>\n\t\t\t\t\t<\/div>\n\t\t\t\t<\/div>\n\t\t<div class=\"elementor-element elementor-element-2867500 e-flex e-con-boxed e-con e-parent\" data-id=\"2867500\" data-element_type=\"container\">\n\t\t\t\t\t<div class=\"e-con-inner\">\n\t\t\t\t<div class=\"elementor-element elementor-element-56cc760 elementor-widget elementor-widget-html\" data-id=\"56cc760\" data-element_type=\"widget\" data-widget_type=\"html.default\">\n\t\t\t\t<div class=\"elementor-widget-container\">\n\t\t\t\t\t\r\n<h1>DS Yedek Par\u00e7a | Arac\u0131n\u0131z \u0130\u00e7in Do\u011fru Tercih<\/h1>\r\n\r\n<p>DS ara\u00e7 sahipleri i\u00e7in <strong>DS yedek par\u00e7a<\/strong> se\u00e7imi, arac\u0131n performans\u0131 ve g\u00fcvenli\u011fi a\u00e7\u0131s\u0131ndan b\u00fcy\u00fck \u00f6nem ta\u015f\u0131r. Arac\u0131n\u0131z\u0131n motorundan fren sistemine, s\u00fcspansiyonundan elektrik aksam\u0131na kadar her par\u00e7a, arac\u0131n sa\u011fl\u0131kl\u0131 \u00e7al\u0131\u015fmas\u0131 i\u00e7in kritik bir rol oynar. Bu nedenle do\u011fru ve kaliteli yedek par\u00e7a kullan\u0131m\u0131, hem s\u00fcr\u00fc\u015f g\u00fcvenli\u011finizi art\u0131r\u0131r hem de uzun vadede tasarruf sa\u011flar.<\/p>\r\n\r\n<h2>DS Yedek Par\u00e7a Neden \u00d6nemlidir?<\/h2>\r\n<p>Arac\u0131n\u0131z\u0131n \u00f6mr\u00fcn\u00fc uzatmak ve g\u00fcvenli bir s\u00fcr\u00fc\u015f deneyimi ya\u015famak istiyorsan\u0131z, her zaman orijinal ve kaliteli <strong>DS yedek par\u00e7a<\/strong> kullanman\u0131z gerekir. Yan sanayi veya uyumsuz par\u00e7alar k\u0131sa vadede maliyet avantaj\u0131 sa\u011flasa da, uzun vadede motor ar\u0131zalar\u0131na, fren sorunlar\u0131na ve performans kay\u0131plar\u0131na yol a\u00e7abilir. Orijinal DS yedek par\u00e7alar, arac\u0131n \u00fcretim standartlar\u0131na uygun olarak tasarlan\u0131r ve test edilir. Bu sayede arac\u0131n\u0131z\u0131n performans\u0131 korunur ve olas\u0131 ar\u0131zalar\u0131n \u00f6n\u00fcne ge\u00e7ilir.<\/p>\r\n\r\n<h2>En \u00c7ok Tercih Edilen DS Yedek Par\u00e7alar<\/h2>\r\n<p>DS ara\u00e7 sahiplerinin s\u0131k\u00e7a de\u011fi\u015ftirdi\u011fi yedek par\u00e7alar aras\u0131nda motor par\u00e7alar\u0131, fren balatalar\u0131, s\u00fcspansiyon elemanlar\u0131, filtreler ve elektrik aksamlar\u0131 yer al\u0131r.<\/p>\r\n<ul>\r\n  <li><strong>Motor Par\u00e7alar\u0131:<\/strong> Motor contalar\u0131, buji, distrib\u00fct\u00f6r gibi par\u00e7alar arac\u0131n d\u00fczg\u00fcn \u00e7al\u0131\u015fmas\u0131 i\u00e7in kritik \u00f6neme sahiptir.<\/li>\r\n  <li><strong>Fren Sistemi:<\/strong> Fren balatalar\u0131, fren diskleri ve fren hortumlar\u0131 g\u00fcvenli s\u00fcr\u00fc\u015f i\u00e7in mutlaka kaliteli olmal\u0131d\u0131r.<\/li>\r\n  <li><strong>S\u00fcspansiyon Elemanlar\u0131:<\/strong> Amortis\u00f6rler ve yaylar, arac\u0131n yol tutu\u015funu do\u011frudan etkiler.<\/li>\r\n  <li><strong>Filtreler:<\/strong> Hava, ya\u011f ve yak\u0131t filtreleri motorun temiz \u00e7al\u0131\u015fmas\u0131n\u0131 sa\u011flar ve performans\u0131 art\u0131r\u0131r.<\/li>\r\n  <li><strong>Elektrik Aksam\u0131:<\/strong> Ak\u00fc, alternat\u00f6r ve sigortalar arac\u0131n elektrik sisteminin sorunsuz \u00e7al\u0131\u015fmas\u0131n\u0131 destekler.<\/li>\r\n<\/ul>\r\n\r\n<h2>Orijinal DS Yedek Par\u00e7a ile Yan Sanayi Kar\u015f\u0131la\u015ft\u0131rmas\u0131<\/h2>\r\n<p>Orijinal <strong>DS yedek par\u00e7a<\/strong>, arac\u0131n \u00fcretici standartlar\u0131na uygun \u00fcretilir. Bu par\u00e7alar uzun \u00f6m\u00fcrl\u00fcd\u00fcr ve performans kayb\u0131 ya\u015fatmaz. Yan sanayi par\u00e7alar ise k\u0131sa vadede ucuz olsa da, uyumsuzluk ve erken a\u015f\u0131nma gibi sorunlara yol a\u00e7abilir. \u00d6zellikle motor, fren ve s\u00fcspansiyon gibi kritik sistemlerde orijinal par\u00e7a kullanmak, hem g\u00fcvenli\u011finizi hem de arac\u0131n\u0131z\u0131n de\u011ferini korur.<\/p>\r\n\r\n<h2>DS Yedek Par\u00e7a Sat\u0131n Al\u0131rken Dikkat Edilmesi Gerekenler<\/h2>\r\n<p>DS yedek par\u00e7a al\u0131rken dikkat etmeniz gereken baz\u0131 \u00f6nemli noktalar vard\u0131r:<\/p>\r\n<ul>\r\n  <li><strong>\u00dcr\u00fcn Uyumlulu\u011fu:<\/strong> Arac\u0131n\u0131z\u0131n modeli ve y\u0131l\u0131 ile uyumlu par\u00e7alar se\u00e7in.<\/li>\r\n  <li><strong>Kalite Belgesi:<\/strong> Par\u00e7alar\u0131n orijinal ve sertifikal\u0131 oldu\u011fundan emin olun.<\/li>\r\n  <li><strong>Garanti:<\/strong> Orijinal par\u00e7alar genellikle garanti kapsam\u0131nda gelir.<\/li>\r\n  <li><strong>Sat\u0131c\u0131 G\u00fcvenilirli\u011fi:<\/strong> G\u00fcvenilir ve deneyimli sat\u0131c\u0131lardan al\u0131\u015fveri\u015f yap\u0131n.<\/li>\r\n<\/ul>\r\n\r\n<h2>DS Yedek Par\u00e7a Temini ve Servis Hizmetleri<\/h2>\r\n<p>DS yedek par\u00e7a temini art\u0131k hem online platformlardan hem de yetkili servislerden kolayca yap\u0131labilir. Online sat\u0131\u015f noktalar\u0131, h\u0131zl\u0131 teslimat se\u00e7enekleri sunarak arac\u0131n\u0131z\u0131n bak\u0131mlar\u0131n\u0131 aksatmadan tamamlaman\u0131z\u0131 sa\u011flar. Ayr\u0131ca g\u00fcvenilir servis hizmetleri ile montaj ve bak\u0131m i\u015flemleriniz profesyonel \u015fekilde ger\u00e7ekle\u015ftirilir. Bu sayede arac\u0131n\u0131z her zaman g\u00fcvenli ve haz\u0131r durumda olur.<\/p>\r\n\r\n<p>Kaliteli ve do\u011fru <strong>DS yedek par\u00e7a<\/strong> kullan\u0131m\u0131, arac\u0131n\u0131z\u0131n performans\u0131n\u0131 art\u0131r\u0131r, g\u00fcvenli\u011finizi sa\u011flar ve uzun vadede tasarruf etmenize yard\u0131mc\u0131 olur. Arac\u0131n\u0131z\u0131n her zaman sa\u011fl\u0131kl\u0131 \u00e7al\u0131\u015fmas\u0131 i\u00e7in orijinal ve sertifikal\u0131 par\u00e7alar\u0131 tercih etmek, en do\u011fru yat\u0131r\u0131m olacakt\u0131r.<\/p>\r\n\t\t\t\t<\/div>\n\t\t\t\t<\/div>\n\t\t\t\t\t<\/div>\n\t\t\t\t<\/div>\n\t\t\t\t<\/div>\n\t\t","protected":false},"excerpt":{"rendered":"<p>MOPAR 9812113780 DS 1.5 BLUEHD\u0130 TERMOSTAT 109,27&nbsp;&euro; Stokta VarStok Kodu:9812113780 Sepete Ekle MOTOCAR 7300\/138 1SP DS DS3 &#8211; DS7 1.5 BLUEHD\u0130 HAVA F\u0130LTRES\u0130 7,18&nbsp;&euro; Stokta VarStok Kodu:9813908880 &#8211; 39192256 Sepete Ekle MOPAR DS DS3 &#8211; DS7 1.5 BLUEHD\u0130 HAVA F\u0130LTRES\u0130 11,28&nbsp;&euro; Stokta VarStok Kodu:9813908880 &#8211; 39192256 Sepete Ekle EUROREPAR 1638028080 DS 1.2 PURETECH HAVA F\u0130LTRES\u0130<\/p>\n<div class=\"klb-readmore button\"><a class=\"btn link\" href=\"https:\/\/ozince.com\/magaza\/periyodik-bakim-ve-filtre-urunleri\/eurorepar-e149134-ds-1-2-puretech-yag-filtresi-1109-al\/\">Read More <i class=\"klbth-icon-right-arrow\"><\/i><\/a><\/div>\n","protected":false},"author":1,"featured_media":0,"parent":0,"menu_order":0,"comment_status":"closed","ping_status":"closed","template":"","meta":{"footnotes":""},"class_list":["post-6252","page","type-page","status-publish","hentry"],"jetpack_sharing_enabled":true,"_links":{"self":[{"href":"https:\/\/ozince.com\/magaza\/wp-json\/wp\/v2\/pages\/6252","targetHints":{"allow":["GET"]}}],"collection":[{"href":"https:\/\/ozince.com\/magaza\/wp-json\/wp\/v2\/pages"}],"about":[{"href":"https:\/\/ozince.com\/magaza\/wp-json\/wp\/v2\/types\/page"}],"author":[{"embeddable":true,"href":"https:\/\/ozince.com\/magaza\/wp-json\/wp\/v2\/users\/1"}],"replies":[{"embeddable":true,"href":"https:\/\/ozince.com\/magaza\/wp-json\/wp\/v2\/comments?post=6252"}],"version-history":[{"count":7,"href":"https:\/\/ozince.com\/magaza\/wp-json\/wp\/v2\/pages\/6252\/revisions"}],"predecessor-version":[{"id":6273,"href":"https:\/\/ozince.com\/magaza\/wp-json\/wp\/v2\/pages\/6252\/revisions\/6273"}],"wp:attachment":[{"href":"https:\/\/ozince.com\/magaza\/wp-json\/wp\/v2\/media?parent=6252"}],"curies":[{"name":"wp","href":"https:\/\/api.w.org\/{rel}","templated":true}]}}